{"id":1212,"date":"2022-03-16T23:04:52","date_gmt":"2022-03-17T02:04:52","guid":{"rendered":"https:\/\/refugies.immigrationfrancophone.ca\/ile-du-prince-edouard\/"},"modified":"2022-04-04T13:30:05","modified_gmt":"2022-04-04T16:30:05","slug":"prince-edward-island","status":"publish","type":"page","link":"https:\/\/refugies.immigrationfrancophone.ca\/en\/prince-edward-island\/","title":{"rendered":"Prince Edward Island"},"content":{"rendered":"<div class=\"wpb-content-wrapper\"><p>[vc_row][vc_column]\t<div class=\"theme-immigration\" style='background-image: url( https:\/\/refugies.immigrationfrancophone.ca\/wp-content\/uploads\/2022\/03\/IPE_FCFA_immigration_096.jpg );'>\n\t\t<div class=\"left-box\">\n\t\t\t\t\t\t\t<div class=\"title-box\">\n\t\t\t\t\t<h1>Prince Edward Island<\/h1>\n\t\t\t\t<\/div>\n\t\t\t\t\t\t\t\t<div class=\"img-box d-lg-none\">\n\t\t\t\t\t<img decoding=\"async\" src=\"https:\/\/refugies.immigrationfrancophone.ca\/wp-content\/uploads\/2022\/03\/IPE_FCFA_immigration_096.jpg\" alt=\"Prince Edward Island\"\/>\n\t\t\t\t<\/div>\n\t\t\t\t\t\t\t\t<div class=\"content-box\">\n\t\t\t\t\t<p>Prince Edward Island (PEI) is the cradle of Canadian Confederation and has an Acadian community that dates back more than 300 years. Over 17,000 Islanders have a knowledge of French, with Francophones concentrated primarily in Prince County and the greater Charlottetown area.<\/p>\n\t\t\t\t\t\t\t\t\t\t\t<div id=\"counter_count-49403556\" class=\"counter-main\">\n\t\t\t\t\t\t\t\t\t\t\t\t\t\t\t\t<div class=\"counter-box langcode-en\">\n\t\t\t\t\t\t\t\t\t\t<h3 id=\"counter_49403556_count-1\" data-fact=\"17955\">17955<\/h3>\n\t\t\t\t\t\t\t\t\t\t<p>Knowledge of French<\/p>\n\t\t\t\t\t\t\t\t\t<\/div>\n\t\t\t\t\t\t\t\t\t\t\t\t\t\t\t\t\t\t<div class=\"counter-box langcode-en\">\n\t\t\t\t\t\t\t\t\t\t<h3 id=\"counter_49403556_count-2\" data-fact=\"4785\">4785<\/h3>\n\t\t\t\t\t\t\t\t\t\t<p>French first official language<\/p>\n\t\t\t\t\t\t\t\t\t<\/div>\n\t\t\t\t\t\t\t\t\t\t\t\t\t\t\t\t\t<p>Source: 2016 Census<\/p>\n\t\t\t\t\t\t\t\t\t\t\t\t\t\t<\/div>\n\t\t\t\t\t\t\t\t\t\t<\/div>\n\t\t\t\t\t\t<\/div>\n\t\t\t<\/div>\n\t[\/vc_column][\/vc_row][vc_row][vc_column]\t\t<div class=\"theme-services pt_70\">\n\t\t\t<div class=\"container\">\n\t\t\t\t<div class=\"row row-cols-1 row-cols-sm-2 row-cols-xl-4 gx-0 gy-5\">\n\t\t\t\t\t\t\t\t\t\t\t\t<div class=\"col\">\n\t\t\t\t\t\t\t\t<a href=\"#la-vie-en-fran\u00e7ais\">\t\t\t\t\t\t\t\t<div class=\"srv-box text-center\">\n\t\t\t\t\t\t\t\t\t\t\t\t\t\t\t\t\t\t\t<div class=\"icon-image\"><img loading=\"lazy\" decoding=\"async\" width=\"264\" height=\"238\" src=\"https:\/\/refugies.immigrationfrancophone.ca\/wp-content\/uploads\/2022\/03\/icon1.png\" class=\"attachment-full size-full\" alt=\"\" \/><\/div>\n\t\t\t\t\t\t\t\t\t\t\t\t\t\t\t\t\t\t\t<p>Life in French<\/p>\n\t\t\t\t\t\t\t\t<\/div>\n\t\t\t\t\t\t\t\t<\/a>\t\t\t\t\t\t\t<\/div>\n\t\t\t\t\t\t\t\t\t\t\t\t\t\t<div class=\"col\">\n\t\t\t\t\t\t\t\t<a href=\"#immigration\">\t\t\t\t\t\t\t\t<div class=\"srv-box text-center\">\n\t\t\t\t\t\t\t\t\t\t\t\t\t\t\t\t\t\t\t<div class=\"icon-image\"><img loading=\"lazy\" decoding=\"async\" width=\"234\" height=\"234\" src=\"https:\/\/refugies.immigrationfrancophone.ca\/wp-content\/uploads\/2022\/03\/icon2.png\" class=\"attachment-full size-full\" alt=\"\" srcset=\"https:\/\/refugies.immigrationfrancophone.ca\/wp-content\/uploads\/2022\/03\/icon2.png 234w, https:\/\/refugies.immigrationfrancophone.ca\/wp-content\/uploads\/2022\/03\/icon2-150x150.png 150w\" sizes=\"auto, (max-width: 234px) 100vw, 234px\" \/><\/div>\n\t\t\t\t\t\t\t\t\t\t\t\t\t\t\t\t\t\t\t<p>Immigration<\/p>\n\t\t\t\t\t\t\t\t<\/div>\n\t\t\t\t\t\t\t\t<\/a>\t\t\t\t\t\t\t<\/div>\n\t\t\t\t\t\t\t\t\t\t\t\t\t\t<div class=\"col\">\n\t\t\t\t\t\t\t\t<a href=\"#a-quoi-vous-attendre\">\t\t\t\t\t\t\t\t<div class=\"srv-box text-center\">\n\t\t\t\t\t\t\t\t\t\t\t\t\t\t\t\t\t\t\t<div class=\"icon-image\"><img loading=\"lazy\" decoding=\"async\" width=\"194\" height=\"258\" src=\"https:\/\/refugies.immigrationfrancophone.ca\/wp-content\/uploads\/2022\/03\/icon3.png\" class=\"attachment-full size-full\" alt=\"\" \/><\/div>\n\t\t\t\t\t\t\t\t\t\t\t\t\t\t\t\t\t\t\t<p>What to expect<\/p>\n\t\t\t\t\t\t\t\t<\/div>\n\t\t\t\t\t\t\t\t<\/a>\t\t\t\t\t\t\t<\/div>\n\t\t\t\t\t\t\t\t\t\t\t\t\t\t<div class=\"col\">\n\t\t\t\t\t\t\t\t<a href=\"#en-savoir-plus\">\t\t\t\t\t\t\t\t<div class=\"srv-box text-center\">\n\t\t\t\t\t\t\t\t\t\t\t\t\t\t\t\t\t\t\t<div class=\"icon-image\"><img loading=\"lazy\" decoding=\"async\" width=\"250\" height=\"247\" src=\"https:\/\/refugies.immigrationfrancophone.ca\/wp-content\/uploads\/2022\/03\/icon4.png\" class=\"attachment-full size-full\" alt=\"\" \/><\/div>\n\t\t\t\t\t\t\t\t\t\t\t\t\t\t\t\t\t\t\t<p>Read more<\/p>\n\t\t\t\t\t\t\t\t<\/div>\n\t\t\t\t\t\t\t\t<\/a>\t\t\t\t\t\t\t<\/div>\n\t\t\t\t\t\t\t\t\t\t\t<\/div>\n\t\t\t<\/div>\n\t\t<\/div>\n\t\t[\/vc_column][\/vc_row][vc_row el_id=&#8221;la-vie-en-fran\u00e7ais&#8221;][vc_column]\t\t<div class=\"section-header theme-common pt_80\">\n\t\t\t<div class=\"container\">\n\t\t\t\t<h3>\n\t\t\t\t\t\t\t\t\t\t\t<div class=\"icon-image\"><img loading=\"lazy\" decoding=\"async\" width=\"264\" height=\"238\" src=\"https:\/\/refugies.immigrationfrancophone.ca\/wp-content\/uploads\/2022\/03\/icon1.png\" class=\"attachment-full size-full\" alt=\"\" \/><\/div>\n\t\t\t\t\t\t\t\t\t\t\tLife in French\t\t\t\t<\/h3>\n\t\t\t<\/div>\n\t\t<\/div>\n\t\t[\/vc_column][\/vc_row][vc_row][vc_column]\t<div id=\"pageblock-content-2127635670\" class=\"theme-common liststyle-1 noshape\">\n\t\t<div class=\"container pt_80 pb_80\">\n\t\t\t<div class=\"img-cnt-box noshape\">\n\t\t\t\t<div class=\"row gy-5\">\n\t\t\t\t\t\t\t\t\t\t\t<div class=\"col-md-5 blockleft\">\n\t\t\t\t\t\t\t\t\t\t\t\t\t\t\t<h4 class=\"blocktitle\">Education<\/h4>\n\t\t\t\t\t\t\t\t\t\t\t\t\t\t\t\t\t\t\t\t\t\t\t<figure>\n\t\t\t\t\t\t\t\t\t<img decoding=\"async\" class=\"blockimg\" src=\"https:\/\/refugies.immigrationfrancophone.ca\/wp-content\/uploads\/2022\/03\/IPE_education.png\" alt=\"Education\" \/>\n\t\t\t\t\t\t\t\t\t\t\t\t\t\t\t\t\t<\/figure>\n\t\t\t\t\t\t\t\t\t\t\t\t\t\t<\/div>\n\t\t\t\t\t\t\t\t\t\t\t\t<div class=\"blockright col-md-7\">\n\t\t\t\t\t\t\t<div class=\"content-box\">\n\t\t\t\t\t\t\t\t<p>PEI has six French-language schools: Pierre-Chiasson (Deblois), Fran\u00e7ois-Buote (Charlottetown), Saint-Augustin (Rustico), L&#8217;\u00c9cole-sur-Mer (Summerside), \u00c9vang\u00e9line (Abram-Village) and La-Belle-Cloche (Fortune Bridge). They are operated by the Commission scolaire de langue fran\u00e7aise de l&#8217;\u00cele-du-Prince-\u00c9douard.<\/p>\n<ul>\n<li><a href=\"https:\/\/cslf.edu.pe.ca\/\" target=\"_blank\" rel=\"noopener\">Commission scolaire de langue fran\u00e7aise de l\u2019\u00cele-du-Prince-\u00c9douard<\/a><\/li>\n<\/ul>\n<p>&nbsp;<\/p>\n<p>There are five French-language early childhood centres and one daycare centre: Center de l&#8217;Arc-en-Ciel (Tignish), Jardin des \u00e9toiles (Summerside), Petits rayons de soleil (Rustico), Carrefour de l&#8217;Isle-Saint-Jean&#8217;s l&#8217;\u00cele enchant\u00e9e childcare services (Charlottetown), Ch\u00e2teau des \u00e9toiles (Souris) and \u00c9cole \u00c9vang\u00e9line&#8217;s Centre pr\u00e9scolaire (Abram-Village).<br \/>\nColl\u00e8ge de l&#8217;\u00cele, located in Wellington, offers French-language college-level training in fields such as accounting, welding and early childhood.<\/p>\n<ul>\n<li><a href=\"https:\/\/www.collegedelile.ca\/fr\/\" target=\"_blank\" rel=\"noopener\">Coll\u00e8ge de l&#8217;\u00cele<\/a><\/li>\n<\/ul>\n<p>\n\t\t\t\t\t\t\t<\/div>\n\t\t\t\t\t\t<\/div>\n\t\t\t\t\t\t\t\t\t\t<\/div>\n\t\t\t<\/div>\n\t\t<\/div>\n\t\t\t\t\t<div class=\"container\">\n\t\t\t\t<div class=\"bottom-seperator-row\"><\/div>\n\t\t\t<\/div>\n\t\t\t\t<\/div>\n\t[\/vc_column][\/vc_row][vc_row][vc_column]\t<div id=\"pageblock-content-862755147\" class=\"theme-common liststyle-1\">\n\t\t<div class=\"container pt_80 pb_80\">\n\t\t\t<div class=\"img-cnt-box\">\n\t\t\t\t<div class=\"row gy-5\">\n\t\t\t\t\t\t\t\t\t\t\t<div class=\"col-md-5 blockleft\">\n\t\t\t\t\t\t\t\t\t\t\t\t\t\t\t<h4 class=\"blocktitle\">Health<\/h4>\n\t\t\t\t\t\t\t\t\t\t\t\t\t\t\t\t\t\t\t\t\t<\/div>\n\t\t\t\t\t\t\t\t\t\t\t\t<div class=\"blockright col-md-7\">\n\t\t\t\t\t\t\t<div class=\"content-box\">\n\t\t\t\t\t\t\t\t<p>The French-language Directory of Bilingual Health Care Providers (R\u00e9pertoire des intervenants bilingues), developed by the R\u00e9seau Sant\u00e9 en fran\u00e7ais \u00ce.-P.-\u00c9., contains a list of approximately 100 French-speaking or bilingual health-care professionals.<\/p>\n<ul>\n<li><a href=\"https:\/\/santeipe.ca\/repertoire-2\/\" target=\"_blank\" rel=\"noopener\">R\u00e9seau Sant\u00e9 en fran\u00e7ais \u00ce.-P.-\u00c9.<\/a><\/li>\n<\/ul>\n<p>\n\t\t\t\t\t\t\t<\/div>\n\t\t\t\t\t\t<\/div>\n\t\t\t\t\t\t\t\t\t\t<\/div>\n\t\t\t<\/div>\n\t\t<\/div>\n\t\t\t\t\t<div class=\"container\">\n\t\t\t\t<div class=\"bottom-seperator-row\"><\/div>\n\t\t\t<\/div>\n\t\t\t\t<\/div>\n\t[\/vc_column][\/vc_row][vc_row][vc_column]\t<div id=\"pageblock-content-1096529476\" class=\"theme-common liststyle-1\">\n\t\t<div class=\"container pt_80 pb_80\">\n\t\t\t<div class=\"img-cnt-box\">\n\t\t\t\t<div class=\"row gy-5\">\n\t\t\t\t\t\t\t\t\t\t\t<div class=\"col-md-5 blockleft\">\n\t\t\t\t\t\t\t\t\t\t\t\t\t\t\t<h4 class=\"blocktitle\">Economy<\/h4>\n\t\t\t\t\t\t\t\t\t\t\t\t\t\t\t\t\t\t\t\t\t<\/div>\n\t\t\t\t\t\t\t\t\t\t\t\t<div class=\"blockright col-md-7\">\n\t\t\t\t\t\t\t<div class=\"content-box\">\n\t\t\t\t\t\t\t\t<p>The R\u00e9seau de d\u00e9veloppement \u00e9conomique et d&#8217;employabilit\u00e9 de l&#8217;\u00cele-du-Prince-\u00c9douard (RD\u00c9E \u00ceP\u00c9) is the main organization for economic development in French.<\/p>\n<ul>\n<li><a href=\"https:\/\/www.rdeeipe.net\/\" target=\"_blank\" rel=\"noopener\">R\u00e9seau de d\u00e9veloppement \u00e9conomique et d\u2019employabilit\u00e9 de l\u2019\u00cele-du-Prince-\u00c9douard (RD\u00c9E \u00ceP\u00c9)<\/a><\/li>\n<\/ul>\n<p>\n\t\t\t\t\t\t\t<\/div>\n\t\t\t\t\t\t<\/div>\n\t\t\t\t\t\t\t\t\t\t<\/div>\n\t\t\t<\/div>\n\t\t<\/div>\n\t\t\t<\/div>\n\t[\/vc_column][\/vc_row][vc_row el_id=&#8221;immigration&#8221;][vc_column]\t\t<div class=\"section-header theme-common pt_0 pb_0\">\n\t\t\t<div class=\"container\">\n\t\t\t\t<h3>\n\t\t\t\t\t\t\t\t\t\t\t<div class=\"icon-image\"><img loading=\"lazy\" decoding=\"async\" width=\"234\" height=\"234\" src=\"https:\/\/refugies.immigrationfrancophone.ca\/wp-content\/uploads\/2022\/03\/icon2.png\" class=\"attachment-full size-full\" alt=\"\" srcset=\"https:\/\/refugies.immigrationfrancophone.ca\/wp-content\/uploads\/2022\/03\/icon2.png 234w, https:\/\/refugies.immigrationfrancophone.ca\/wp-content\/uploads\/2022\/03\/icon2-150x150.png 150w\" sizes=\"auto, (max-width: 234px) 100vw, 234px\" \/><\/div>\n\t\t\t\t\t\t\t\t\t\t\tImmigration\t\t\t\t<\/h3>\n\t\t\t<\/div>\n\t\t<\/div>\n\t\t[\/vc_column][\/vc_row][vc_row][vc_column]\t<div id=\"pageblock-content-596861306\" class=\"theme-common liststyle-2 noshape\">\n\t\t<div class=\"container pt_80 pb_80\">\n\t\t\t<div class=\"img-cnt-box noshape\">\n\t\t\t\t<div class=\"row gy-5\">\n\t\t\t\t\t\t\t\t\t\t\t<div class=\"col-md-5 blockleft\">\n\t\t\t\t\t\t\t\t\t\t\t\t\t\t\t<h4 class=\"blocktitle\">Employment<\/h4>\n\t\t\t\t\t\t\t\t\t\t\t\t\t\t\t\t\t\t\t\t\t\t\t<figure>\n\t\t\t\t\t\t\t\t\t<img decoding=\"async\" class=\"blockimg\" src=\"https:\/\/refugies.immigrationfrancophone.ca\/wp-content\/uploads\/2022\/03\/IPE_immigration_010.jpg\" alt=\"Employment\" \/>\n\t\t\t\t\t\t\t\t\t\t\t\t\t\t\t\t\t<\/figure>\n\t\t\t\t\t\t\t\t\t\t\t\t\t\t<\/div>\n\t\t\t\t\t\t\t\t\t\t\t\t<div class=\"blockright col-md-7\">\n\t\t\t\t\t\t\t<div class=\"content-box\">\n\t\t\t\t\t\t\t\t<p>The main employment sectors in Prince Edward Island are:<\/p>\n<ul>\n<li>Tourism<\/li>\n<li>Agriculture<\/li>\n<li>Fisheries, seafood processing and aquaculture<\/li>\n<li>Aerospace<\/li>\n<li>Bioscience<\/li>\n<li>Transportation<\/li>\n<li>Information technology<\/li>\n<li>Education and early childhood<\/li>\n<\/ul>\n<p>\n\t\t\t\t\t\t\t<\/div>\n\t\t\t\t\t\t<\/div>\n\t\t\t\t\t\t\t\t\t\t<\/div>\n\t\t\t<\/div>\n\t\t<\/div>\n\t\t\t\t\t<div class=\"container\">\n\t\t\t\t<div class=\"bottom-seperator-row\"><\/div>\n\t\t\t<\/div>\n\t\t\t\t<\/div>\n\t[\/vc_column][\/vc_row][vc_row][vc_column]\t<div id=\"pageblock-content-1553867242\" class=\"theme-common liststyle-1 noshape\">\n\t\t<div class=\"container pt_80 pb_80\">\n\t\t\t<div class=\"img-cnt-box noshape\">\n\t\t\t\t<div class=\"row gy-5\">\n\t\t\t\t\t\t\t\t\t\t\t<div class=\"col-md-5 blockleft\">\n\t\t\t\t\t\t\t\t\t\t\t\t\t\t\t<h4 class=\"blocktitle\">Settlement services<\/h4>\n\t\t\t\t\t\t\t\t\t\t\t\t\t\t\t\t\t\t\t\t\t\t\t<figure>\n\t\t\t\t\t\t\t\t\t<img decoding=\"async\" class=\"blockimg\" src=\"https:\/\/refugies.immigrationfrancophone.ca\/wp-content\/uploads\/2022\/03\/serviceetablissement.png\" alt=\"Settlement services\" \/>\n\t\t\t\t\t\t\t\t\t\t\t\t\t\t\t\t\t<\/figure>\n\t\t\t\t\t\t\t\t\t\t\t\t\t\t<\/div>\n\t\t\t\t\t\t\t\t\t\t\t\t<div class=\"blockright col-md-7\">\n\t\t\t\t\t\t\t<div class=\"content-box\">\n\t\t\t\t\t\t\t\t<p>The <strong>Coop\u00e9rative d&#8217;int\u00e9gration francophone (CIF)<\/strong> de l&#8217;\u00cele-du-Prince-\u00c9douard is the reception and settlement agency for Francophone newcomers to PEI. It provides services to both permanent and temporary residents.<\/p>\n<ul>\n<li><a href=\"https:\/\/tonile.ca\/fr\/\" target=\"_blank\" rel=\"noopener\">Coop\u00e9rative d\u2019int\u00e9gration francophone (CIF)<\/a><\/li>\n<\/ul>\n<p>The <strong>R\u00e9seau de d\u00e9veloppement \u00e9conomique et d&#8217;employabilit\u00e9 (RD\u00c9E) de l&#8217;\u00cele-du-Prince-\u00c9douard<\/strong> provides economic immigration services that facilitate the integration of Francophone immigrants into the labour market.<\/p>\n<ul>\n<li><a href=\"https:\/\/www.rdeeipe.net\/\" target=\"_blank\" rel=\"noopener\">R\u00e9seau de d\u00e9veloppement \u00e9conomique et d\u2019employabilit\u00e9 (RD\u00c9E)<\/a><\/li>\n<\/ul>\n<p>\n\t\t\t\t\t\t\t<\/div>\n\t\t\t\t\t\t<\/div>\n\t\t\t\t\t\t\t\t\t\t<\/div>\n\t\t\t<\/div>\n\t\t<\/div>\n\t\t\t\t\t<div class=\"container\">\n\t\t\t\t<div class=\"bottom-seperator-row\"><\/div>\n\t\t\t<\/div>\n\t\t\t\t<\/div>\n\t[\/vc_column][\/vc_row][vc_row el_class=&#8221;big-headings&#8221;][vc_column]\t<div id=\"pageblock-content-350526708\" class=\"theme-common liststyle-1 has_shape\">\n\t\t<div class=\"container pt_80 pb_80\">\n\t\t\t<div class=\"img-cnt-box has_shape\">\n\t\t\t\t<div class=\"row gy-5\">\n\t\t\t\t\t\t\t\t\t\t\t<div class=\"col-md-5 blockleft\">\n\t\t\t\t\t\t\t\t\t\t\t\t\t\t\t<h4 class=\"blocktitle\">Welcoming Francophone Community<\/h4>\n\t\t\t\t\t\t\t\t\t\t\t\t\t\t\t\t\t\t\t\t\t\t\t<figure>\n\t\t\t\t\t\t\t\t\t<img decoding=\"async\" class=\"blockimg\" src=\"https:\/\/refugies.immigrationfrancophone.ca\/wp-content\/uploads\/2022\/03\/IPE_immigration_013.jpg\" alt=\"Welcoming Francophone Community\" \/>\n\t\t\t\t\t\t\t\t\t\t\t\t\t\t\t\t\t\t\t<div class=\"img-caption\">\n\t\t\t\t\t\t\t\t\t\t\t@Communaute\u0301 francophone accueillante E\u0301vange\u0301line\t\t\t\t\t\t\t\t\t\t<\/div>\n\t\t\t\t\t\t\t\t\t\t\t\t\t\t\t\t\t\t<\/figure>\n\t\t\t\t\t\t\t\t\t\t\t\t\t\t<\/div>\n\t\t\t\t\t\t\t\t\t\t\t\t<div class=\"blockright col-md-7\">\n\t\t\t\t\t\t\t<div class=\"content-box\">\n\t\t\t\t\t\t\t\t<p><strong>\u00c9vang\u00e9line<\/strong><br \/>\nThe \u00c9vang\u00e9line region, located in Prince County, in the western part of PEI, is known as the stronghold of the Acadian and Francophone community in the province. The region is comprised of two municipalities (Wellington and Abram-Village) and several rural communities.<\/p>\n<p>With a high concentration of Acadians and Francophones in the region, the Acadian identity is still present and powerful. Caring for one another is well established in its culture and its community spirit is very much alive.<\/p>\n<p>The Evangeline region is characterized by quiet white-sand beaches, red cliffs and picturesque lighthouses. This fishing and farming community is also known for its culture, arts, festivals and traditional cuisine.<\/p>\n<p><strong>Some figures:<\/strong><br \/>\n36.6% of the population knows French.<br \/>\n12.2% of people work in French.<\/p>\n<h6>Source: Statistics Canada, 2016 Census<\/h6>\n<p>\n\t\t\t\t\t\t\t<\/div>\n\t\t\t\t\t\t<\/div>\n\t\t\t\t\t\t\t\t\t\t<\/div>\n\t\t\t<\/div>\n\t\t<\/div>\n\t\t\t<\/div>\n\t[\/vc_column][\/vc_row][vc_row el_id=&#8221;a-quoi-vous-attendre&#8221;][vc_column]\t\t<div class=\"section-header theme-common pb_80\">\n\t\t\t<div class=\"container\">\n\t\t\t\t<h3>\n\t\t\t\t\t\t\t\t\t\t\t<div class=\"icon-image\"><img loading=\"lazy\" decoding=\"async\" width=\"194\" height=\"258\" src=\"https:\/\/refugies.immigrationfrancophone.ca\/wp-content\/uploads\/2022\/03\/icon3.png\" class=\"attachment-full size-full\" alt=\"\" \/><\/div>\n\t\t\t\t\t\t\t\t\t\t\tWhat to expect\t\t\t\t<\/h3>\n\t\t\t<\/div>\n\t\t<\/div>\n\t\t[\/vc_column][\/vc_row][vc_row css=&#8221;.vc_custom_1646225665629{background-color: #71bfb1 !important;}&#8221;][vc_column]\t<div id=\"pageblock-content-304253771\" class=\"theme-common bg-transparent climat liststyle-1 noshape\">\n\t\t<div class=\"container pt_80 pb_80\">\n\t\t\t<div class=\"img-cnt-box noshape\">\n\t\t\t\t<div class=\"row gy-5\">\n\t\t\t\t\t\t\t\t\t\t\t<div class=\"col-md-5 blockleft\">\n\t\t\t\t\t\t\t\t\t\t\t\t\t\t\t<h4 class=\"blocktitle\">Climate<\/h4>\n\t\t\t\t\t\t\t\t\t\t\t\t\t\t\t\t\t\t\t\t\t<\/div>\n\t\t\t\t\t\t\t\t\t\t\t\t<div class=\"blockright col-md-7\">\n\t\t\t\t\t\t\t<div class=\"content-box\">\n\t\t\t\t\t\t\t\t\t\t\t\t\t\t\t\t<div class=\"row gx-0 gy-5 row-cols-1 row-cols-sm-2 row-cols-md-2 row-cols-lg-2\">\n\t\t\t\t\t\t\t\t\t\t\t\t\t\t\t\t\t\t\t\t<div class=\"col climat-box text-center gridcolumns-2\">\n\t\t\t\t\t\t\t\t\t\t\t\t<h5>Summer\n<\/h5>\n\t\t\t\t\t\t\t\t\t\t\t\t\t\t\t\t\t\t\t\t\t\t\t\t\t\t\t\t\t\t\t\t\t\t\t\t\t<div class=\"cnt-box\">\n\t\t\t\t\t\t\t\t\t\t\t\t\t\t\t\t\t\t\t\t\t\t\t\t\t\t\t\t\t<h3>19\u00b0C<\/h3>\n\t\t\t\t\t\t\t\t\t\t\t\t\t\t\t\t\t\t\t\t\t\t\t\t\t\t\t\t\t\t<p>on average<\/p>\n\t\t\t\t\t\t\t\t\t\t\t\t\t\t\t\t\t\t\t\t\t\t\t\t\t\t\t\t<\/div>\n\t\t\t\t\t\t\t\t\t\t\t\t\t\t\t\t\t\t\t\t\t\t\t\t<\/div>\n\t\t\t\t\t\t\t\t\t\t\t\t\t\t\t\t\t\t\t\t\t\t<div class=\"col climat-box text-center gridcolumns-2\">\n\t\t\t\t\t\t\t\t\t\t\t\t<h5>Winter\n<\/h5>\n\t\t\t\t\t\t\t\t\t\t\t\t\t\t\t\t\t\t\t\t\t\t\t\t\t\t\t\t\t\t\t\t\t\t\t\t\t<div class=\"cnt-box\">\n\t\t\t\t\t\t\t\t\t\t\t\t\t\t\t\t\t\t\t\t\t\t\t\t\t\t\t\t\t<h3>-7\u00b0C<\/h3>\n\t\t\t\t\t\t\t\t\t\t\t\t\t\t\t\t\t\t\t\t\t\t\t\t\t\t\t\t\t\t<p>on average with high snow accumulation<\/p>\n\t\t\t\t\t\t\t\t\t\t\t\t\t\t\t\t\t\t\t\t\t\t\t\t\t\t\t\t<\/div>\n\t\t\t\t\t\t\t\t\t\t\t\t\t\t\t\t\t\t\t\t\t\t\t\t<\/div>\n\t\t\t\t\t\t\t\t\t\t\t\t\t\t\t\t\t\t\t<\/div>\n\t\t\t\t\t\t\t\t\t\t\t\t\t\t\t<\/div>\n\t\t\t\t\t\t<\/div>\n\t\t\t\t\t\t\t\t\t\t<\/div>\n\t\t\t<\/div>\n\t\t<\/div>\n\t\t\t<\/div>\n\t[\/vc_column][\/vc_row][vc_row][vc_column]\t<div id=\"pageblock-content-176763774\" class=\"theme-common liststyle-1 noshape\">\n\t\t<div class=\"container pt_80 pb_80\">\n\t\t\t<div class=\"img-cnt-box noshape\">\n\t\t\t\t<div class=\"row gy-5\">\n\t\t\t\t\t\t\t\t\t\t\t<div class=\"col-md-5 blockleft\">\n\t\t\t\t\t\t\t\t\t\t\t\t\t\t\t<h4 class=\"blocktitle\">Geography<\/h4>\n\t\t\t\t\t\t\t\t\t\t\t\t\t\t\t\t\t\t\t\t\t<\/div>\n\t\t\t\t\t\t\t\t\t\t\t\t<div class=\"blockright col-md-7\">\n\t\t\t\t\t\t\t<div class=\"content-box\">\n\t\t\t\t\t\t\t\t\t\t\t\t\t\t\t\t\t\t<div class=\"rowcol\">\n\t\t\t\t\t\t\t\t\t\t\t<h6><b>PETITE PROVINCE<\/b><\/h6>\t\t\t\t\t\t\t\t\t\t\t<p>Canada's smallest province is known for its fertile red soil, potato farming and white sandy beaches, among other things. <\/p>\n\t\t\t\t\t\t\t\t\t\t<\/div>\n\t\t\t\t\t\t\t\t\t\t\t\t\t\t\t\t\t\t\t\t<div class=\"rowcol\">\n\t\t\t\t\t\t\t\t\t\t\t<h6><b>VILLES \u00c0 TAILLE HUMAINE<\/b><\/h6>\t\t\t\t\t\t\t\t\t\t\t<p>The largest community is the capital city, Charlottetown (population 34,500), followed by Summerside (14,700). <\/p>\n\t\t\t\t\t\t\t\t\t\t<\/div>\n\t\t\t\t\t\t\t\t\t\t\t\t\t\t\t\t\t<\/div>\n\t\t\t\t\t\t<\/div>\n\t\t\t\t\t\t\t\t\t\t<\/div>\n\t\t\t<\/div>\n\t\t<\/div>\n\t\t\t\t\t<div class=\"container\">\n\t\t\t\t<div class=\"bottom-seperator-row\"><\/div>\n\t\t\t<\/div>\n\t\t\t\t<\/div>\n\t[\/vc_column][\/vc_row][vc_row][vc_column]\t<div id=\"pageblock-content-503393078\" class=\"theme-common liststyle-1\">\n\t\t<div class=\"container pt_80 pb_80\">\n\t\t\t<div class=\"img-cnt-box\">\n\t\t\t\t<div class=\"row gy-5\">\n\t\t\t\t\t\t\t\t\t\t\t<div class=\"col-md-5 blockleft\">\n\t\t\t\t\t\t\t\t\t\t\t\t\t\t\t<h4 class=\"blocktitle\">Access<\/h4>\n\t\t\t\t\t\t\t\t\t\t\t\t\t\t\t\t\t\t\t\t\t<\/div>\n\t\t\t\t\t\t\t\t\t\t\t\t<div class=\"blockright col-md-7\">\n\t\t\t\t\t\t\t<div class=\"content-box\">\n\t\t\t\t\t\t\t\t\t\t\t\t\t\t\t\t\t<div class=\"boxcontent\">\n\t\t\t\t\t\t\t\t\t\t<\/p>\n<h3><span style=\"color: #82bdb1;\"><strong>It is a three-hour drive across the Island from East to West <\/strong><\/span><\/h3>\n<p>Charlottetown Airport offers flights to Halifax, Montreal, Ottawa and Toronto.<\/p>\n<p>The Confederation Bridge connects PEI to New Brunswick.<\/p>\n\t\t\t\t\t\t\t\t\t<\/div>\n\t\t\t\t\t\t\t\t\t\t\t\t\t\t\t\t<\/div>\n\t\t\t\t\t\t<\/div>\n\t\t\t\t\t\t\t\t\t\t<\/div>\n\t\t\t<\/div>\n\t\t<\/div>\n\t\t\t<\/div>\n\t[\/vc_column][\/vc_row][vc_row el_id=&#8221;en-savoir-plus&#8221;][vc_column]\t\t<div class=\"section-header theme-common\">\n\t\t\t<div class=\"container\">\n\t\t\t\t<h3>\n\t\t\t\t\t\t\t\t\t\tRead more\t\t\t\t<\/h3>\n\t\t\t<\/div>\n\t\t<\/div>\n\t\t[\/vc_column][\/vc_row][vc_row][vc_column]\t<div id=\"pageblock-content-1409567073\" class=\"theme-common liststyle-1 noshape\">\n\t\t<div class=\"container pt_80 pb_80\">\n\t\t\t<div class=\"img-cnt-box noshape\">\n\t\t\t\t<div class=\"row gy-5\">\n\t\t\t\t\t\t\t\t\t\t\t<div class=\"col-md-5 blockleft\">\n\t\t\t\t\t\t\t\t\t\t\t\t\t\t\t<h4 class=\"blocktitle\">Francophonie highlights<\/h4>\n\t\t\t\t\t\t\t\t\t\t\t\t\t\t\t\t\t\t\t\t\t\t\t<figure>\n\t\t\t\t\t\t\t\t\t<img decoding=\"async\" class=\"blockimg\" src=\"https:\/\/refugies.immigrationfrancophone.ca\/wp-content\/uploads\/2022\/03\/IPE_immigration_012.jpg\" alt=\"Francophonie highlights\" \/>\n\t\t\t\t\t\t\t\t\t\t\t\t\t\t\t\t\t\t\t<div class=\"img-caption\">\n\t\t\t\t\t\t\t\t\t\t\t@Communaute\u0301 francophone accueillante E\u0301vange\u0301line\t\t\t\t\t\t\t\t\t\t<\/div>\n\t\t\t\t\t\t\t\t\t\t\t\t\t\t\t\t\t\t<\/figure>\n\t\t\t\t\t\t\t\t\t\t\t\t\t\t<\/div>\n\t\t\t\t\t\t\t\t\t\t\t\t<div class=\"blockright col-md-7\">\n\t\t\t\t\t\t\t<div class=\"content-box\">\n\t\t\t\t\t\t\t\t\t\t\t\t\t\t\t\t\t<div class=\"boxcontent\">\n\t\t\t\t\t\t\t\t\t\t<p>In 2000, the Supreme Court of Canada ruled in favour of the Acadian community of the \u00c9vang\u00e9line region, which had been asking for years for the construction of a school for the Francophones of Summerside\/Miscouche.<\/p>\n<p>Along with Shediac in New Brunswick, the \u00c9vang\u00e9line region will host the 5th Acadian World Congress in 2019.<\/p>\n\t\t\t\t\t\t\t\t\t<\/div>\n\t\t\t\t\t\t\t\t\t\t\t\t\t\t\t\t<\/div>\n\t\t\t\t\t\t<\/div>\n\t\t\t\t\t\t\t\t\t\t<\/div>\n\t\t\t<\/div>\n\t\t<\/div>\n\t\t\t\t\t<div class=\"container\">\n\t\t\t\t<div class=\"bottom-seperator-row\"><\/div>\n\t\t\t<\/div>\n\t\t\t\t<\/div>\n\t[\/vc_column][\/vc_row][vc_row][vc_column]\t<div id=\"pageblock-content-1048862972\" class=\"theme-common liststyle-1 has_shape\">\n\t\t<div class=\"container pt_80 pb_80\">\n\t\t\t<div class=\"img-cnt-box has_shape\">\n\t\t\t\t<div class=\"row gy-5\">\n\t\t\t\t\t\t\t\t\t\t\t<div class=\"col-md-5 blockleft\">\n\t\t\t\t\t\t\t\t\t\t\t\t\t\t\t<h4 class=\"blocktitle\">History<\/h4>\n\t\t\t\t\t\t\t\t\t\t\t\t\t\t\t\t\t\t\t\t\t\t\t<figure>\n\t\t\t\t\t\t\t\t\t<img decoding=\"async\" class=\"blockimg\" src=\"https:\/\/refugies.immigrationfrancophone.ca\/wp-content\/uploads\/2022\/03\/IPE_immigration_014.jpg\" alt=\"History\" \/>\n\t\t\t\t\t\t\t\t\t\t\t\t\t\t\t\t\t<\/figure>\n\t\t\t\t\t\t\t\t\t\t\t\t\t\t<\/div>\n\t\t\t\t\t\t\t\t\t\t\t\t<div class=\"blockright col-md-7\">\n\t\t\t\t\t\t\t<div class=\"content-box\">\n\t\t\t\t\t\t\t\t<p>The French colony of \u00cele Saint-Jean (renamed Prince Edward Island in 1799) was founded in 1720 and welcomed settlers from France and Acadia. In 1758, the fall of the fortress of Louisbourg, which was the strategic headquarters of the French colony in Nova Scotia, resulted in the deportation of approximately 3,000 of the island&#8217;s inhabitants to France by the British. Nearly 1,200 other settlers managed to escape the deportation, mainly to Chaleur Bay, and from 1763 onwards, a number of them returned to the Island. In 1864, Father Georges-Antoine Belcourt founded the Farmers&#8217; Bank of Rustico for his Acadian parishioners, considered to be the first savings bank in Canada. In 1884, the second Acadian National Convention was held in Miscouche, PEI, where the Acadian flag and national anthem were adopted. The Association des instituteurs acadiens de l&#8217;\u00cele was created in 1893, followed by the Soci\u00e9t\u00e9 Saint-Thomas-d&#8217;Aquin (SSTA) in 1919. Seven decades later, in 1990, the Acadian community obtained the management of its French-language schools. Finally, in 2013, the Island government adopted the French Language Services Act.<\/p>\n\t\t\t\t\t\t\t<\/div>\n\t\t\t\t\t\t<\/div>\n\t\t\t\t\t\t\t\t\t\t<\/div>\n\t\t\t<\/div>\n\t\t<\/div>\n\t\t\t<\/div>\n\t[\/vc_column][\/vc_row]<\/p>\n<\/div>","protected":false},"excerpt":{"rendered":"<p>[vc_row][vc_column][\/vc_column][\/vc_row][vc_row][vc_column][\/vc_column][\/vc_row][vc_row el_id=&#8221;la-vie-en-fran\u00e7ais&#8221;][vc_column][\/vc_column][\/vc_row][vc_row][vc_column][\/vc_column][\/vc_row][vc_row][vc_column][\/vc_column][\/vc_row][vc_row][vc_column][\/vc_column][\/vc_row][vc_row el_id=&#8221;immigration&#8221;][vc_column][\/vc_column][\/vc_row][vc_row][vc_column][\/vc_column][\/vc_row][vc_row][vc_column][\/vc_column][\/vc_row][vc_row el_class=&#8221;big-headings&#8221;][vc_column][\/vc_column][\/vc_row][vc_row el_id=&#8221;a-quoi-vous-attendre&#8221;][vc_column][\/vc_column][\/vc_row][vc_row css=&#8221;.vc_custom_1646225665629{background-color: #71bfb1 !important;}&#8221;][vc_column][\/vc_column][\/vc_row][vc_row][vc_column][\/vc_column][\/vc_row][vc_row][vc_column][\/vc_column][\/vc_row][vc_row el_id=&#8221;en-savoir-plus&#8221;][vc_column][\/vc_column][\/vc_row][vc_row][vc_column][\/vc_column][\/vc_row][vc_row][vc_column][\/vc_column][\/vc_row]<\/p>\n","protected":false},"author":1,"featured_media":0,"parent":0,"menu_order":0,"comment_status":"closed","ping_status":"closed","template":"","meta":{"footnotes":""},"class_list":["post-1212","page","type-page","status-publish","hentry"],"featured_image_src":null,"featured_image_src_square":null,"_links":{"self":[{"href":"https:\/\/refugies.immigrationfrancophone.ca\/en\/wp-json\/wp\/v2\/pages\/1212","targetHints":{"allow":["GET"]}}],"collection":[{"href":"https:\/\/refugies.immigrationfrancophone.ca\/en\/wp-json\/wp\/v2\/pages"}],"about":[{"href":"https:\/\/refugies.immigrationfrancophone.ca\/en\/wp-json\/wp\/v2\/types\/page"}],"author":[{"embeddable":true,"href":"https:\/\/refugies.immigrationfrancophone.ca\/en\/wp-json\/wp\/v2\/users\/1"}],"replies":[{"embeddable":true,"href":"https:\/\/refugies.immigrationfrancophone.ca\/en\/wp-json\/wp\/v2\/comments?post=1212"}],"version-history":[{"count":0,"href":"https:\/\/refugies.immigrationfrancophone.ca\/en\/wp-json\/wp\/v2\/pages\/1212\/revisions"}],"wp:attachment":[{"href":"https:\/\/refugies.immigrationfrancophone.ca\/en\/wp-json\/wp\/v2\/media?parent=1212"}],"curies":[{"name":"wp","href":"https:\/\/api.w.org\/{rel}","templated":true}]}}