{"id":3135,"date":"2022-03-01T03:18:03","date_gmt":"2022-03-01T07:18:03","guid":{"rendered":"https:\/\/refugies.immigrationfrancophone.ca\/home\/"},"modified":"2025-03-09T21:30:46","modified_gmt":"2025-03-10T00:30:46","slug":"home","status":"publish","type":"page","link":"https:\/\/refugies.immigrationfrancophone.ca\/es\/","title":{"rendered":"Home"},"content":{"rendered":"<div class=\"wpb-content-wrapper\"><p>[vc_row][vc_column][vc_column_text el_class=&#8221;map-content-block map-content-block-v1 home-hidemobile&#8221;]<\/p>\n<h4><strong>Las comunidades franc\u00f3fonas de Canad\u00e1, colectividades acogedoras donde da gusto vivir.<\/strong><\/h4>\n<p>Usted, su familia y sus amigos pueden vivir completamente seguros, prosperar, construir un futuro promisorio y participar de la vida en la sociedad.<\/p>\n<p>Conozca m\u00e1s sobre la vida en franc\u00e9s, en situaci\u00f3n de minor\u00eda, haciendo clic sobre cada provincia o territorio en el mapa.[\/vc_column_text][\/vc_column][\/vc_row][vc_row el_class=&#8221;home-hidedesktop&#8221;][vc_column]\t<div class=\"circle-img-text container px-0\">\n\t\t\t\t\t<div class=\"maplist-desc mb-4\">\n\t\t\t\t<p><strong>Las comunidades franc\u00f3fonas de Canad\u00e1, colectividades acogedoras donde da gusto vivir.<\/strong><\/p>\n<p>Usted, su familia y sus amigos pueden vivir completamente seguros, prosperar, construir un futuro promisorio y participar de la vida en la sociedad.<\/p>\n<p>Conozca m\u00e1s sobre la vida en franc\u00e9s, en situaci\u00f3n de minor\u00eda, haciendo clic sobre cada provincia o territorio en el mapa.<\/p>\n\t\t\t<\/div>\n\t\t\t\t\t\t<ul class=\"ps-0 mb-0\">\n\t\t\t\t\t\t\t\t\t\t<li class=\"position-relative\">\n\t\t\t\t\t\t\t\t\t\t\t\t\t\t\t<a href=\"https:\/\/refugies.immigrationfrancophone.ca\/alberta\/\">\n\t\t\t\t\t\t\t\t<img decoding=\"async\" src=\"https:\/\/refugies.immigrationfrancophone.ca\/wp-content\/uploads\/2022\/03\/FCFA_icons_Alberta.jpg\" alt=\"Image\">\t\t\t\t\t\t\t<div class=\"content-box\">\n\t\t\t\t\t\t\t\t\t\t\t\t\t\t\t\t\t<h5>Alberta<\/h5>\n\t\t\t\t\t\t\t\t\t\t\t\t\t\t\t\t\t<p>Conocimiento del franc\u00e9s:<br \/>\n268 605<\/p>\n\t\t\t\t\t\t\t<\/div>\n\t\t\t\t\t\t\t\t\t\t\t\t\t\t\t<\/a>\n\t\t\t\t\t\t\t\t\t\t\t\t\t\t<\/li>\n\t\t\t\t\t\t\t\t\t\t\t\t<li class=\"position-relative\">\n\t\t\t\t\t\t\t\t\t\t\t\t\t\t\t<a href=\"https:\/\/refugies.immigrationfrancophone.ca\/colombie-britannique\/\">\n\t\t\t\t\t\t\t\t<img decoding=\"async\" src=\"https:\/\/refugies.immigrationfrancophone.ca\/wp-content\/uploads\/2022\/03\/FCFA_icons_CB.jpg\" alt=\"Image\">\t\t\t\t\t\t\t<div class=\"content-box\">\n\t\t\t\t\t\t\t\t\t\t\t\t\t\t\t\t\t<h5>Columbia Brit\u00e1nica<\/h5>\n\t\t\t\t\t\t\t\t\t\t\t\t\t\t\t\t\t<p>Conocimiento del franc\u00e9s:<br \/>\n316 735<\/p>\n\t\t\t\t\t\t\t<\/div>\n\t\t\t\t\t\t\t\t\t\t\t\t\t\t\t<\/a>\n\t\t\t\t\t\t\t\t\t\t\t\t\t\t<\/li>\n\t\t\t\t\t\t\t\t\t\t\t\t<li class=\"position-relative\">\n\t\t\t\t\t\t\t\t\t\t\t\t\t\t\t<a href=\"https:\/\/refugies.immigrationfrancophone.ca\/ile-du-prince-edouard\/\">\n\t\t\t\t\t\t\t\t<img decoding=\"async\" src=\"https:\/\/refugies.immigrationfrancophone.ca\/wp-content\/uploads\/2022\/03\/FCFA_icons_IPE.jpg\" alt=\"Image\">\t\t\t\t\t\t\t<div class=\"content-box\">\n\t\t\t\t\t\t\t\t\t\t\t\t\t\t\t\t\t<h5>Isla del Pr\u00edncipe Eduardo<\/h5>\n\t\t\t\t\t\t\t\t\t\t\t\t\t\t\t\t\t<p>Conocimiento del franc\u00e9s:<br \/>\n17 955<\/p>\n\t\t\t\t\t\t\t<\/div>\n\t\t\t\t\t\t\t\t\t\t\t\t\t\t\t<\/a>\n\t\t\t\t\t\t\t\t\t\t\t\t\t\t<\/li>\n\t\t\t\t\t\t\t\t\t\t\t\t<li class=\"position-relative\">\n\t\t\t\t\t\t\t\t\t\t\t\t\t\t\t<a href=\"https:\/\/refugies.immigrationfrancophone.ca\/manitoba\/\">\n\t\t\t\t\t\t\t\t<img decoding=\"async\" src=\"https:\/\/refugies.immigrationfrancophone.ca\/wp-content\/uploads\/2022\/03\/FCFA_icons_Manitoba.jpg\" alt=\"Image\">\t\t\t\t\t\t\t<div class=\"content-box\">\n\t\t\t\t\t\t\t\t\t\t\t\t\t\t\t\t\t<h5>Manitoba<\/h5>\n\t\t\t\t\t\t\t\t\t\t\t\t\t\t\t\t\t<p>Conocimiento del franc\u00e9s:<br \/>\n1 530 435<\/p>\n\t\t\t\t\t\t\t<\/div>\n\t\t\t\t\t\t\t\t\t\t\t\t\t\t\t<\/a>\n\t\t\t\t\t\t\t\t\t\t\t\t\t\t<\/li>\n\t\t\t\t\t\t\t\t\t\t\t\t<li class=\"position-relative\">\n\t\t\t\t\t\t\t\t\t\t\t\t\t\t\t<a href=\"https:\/\/refugies.immigrationfrancophone.ca\/nouveau-brunswick\/\">\n\t\t\t\t\t\t\t\t<img decoding=\"async\" src=\"https:\/\/refugies.immigrationfrancophone.ca\/wp-content\/uploads\/2022\/03\/FCFA_icons_NB.jpg\" alt=\"Image\">\t\t\t\t\t\t\t<div class=\"content-box\">\n\t\t\t\t\t\t\t\t\t\t\t\t\t\t\t\t\t<h5>Nuevo Brunswick<\/h5>\n\t\t\t\t\t\t\t\t\t\t\t\t\t\t\t\t\t<p>Conocimiento del franc\u00e9s:<br \/>\n313 100<\/p>\n\t\t\t\t\t\t\t<\/div>\n\t\t\t\t\t\t\t\t\t\t\t\t\t\t\t<\/a>\n\t\t\t\t\t\t\t\t\t\t\t\t\t\t<\/li>\n\t\t\t\t\t\t\t\t\t\t\t\t<li class=\"position-relative\">\n\t\t\t\t\t\t\t\t\t\t\t\t\t\t\t<a href=\"https:\/\/refugies.immigrationfrancophone.ca\/nouvelle-ecosse\/\">\n\t\t\t\t\t\t\t\t<img decoding=\"async\" src=\"https:\/\/refugies.immigrationfrancophone.ca\/wp-content\/uploads\/2022\/03\/FCFA_icons_NE.jpg\" alt=\"Image\">\t\t\t\t\t\t\t<div class=\"content-box\">\n\t\t\t\t\t\t\t\t\t\t\t\t\t\t\t\t\t<h5>Nueva Escocia<\/h5>\n\t\t\t\t\t\t\t\t\t\t\t\t\t\t\t\t\t<p>Conocimiento del franc\u00e9s:<br \/>\n96 085<\/p>\n\t\t\t\t\t\t\t<\/div>\n\t\t\t\t\t\t\t\t\t\t\t\t\t\t\t<\/a>\n\t\t\t\t\t\t\t\t\t\t\t\t\t\t<\/li>\n\t\t\t\t\t\t\t\t\t\t\t\t<li class=\"position-relative\">\n\t\t\t\t\t\t\t\t\t\t\t\t\t\t\t<a href=\"https:\/\/refugies.immigrationfrancophone.ca\/nunavut\/\">\n\t\t\t\t\t\t\t\t<img decoding=\"async\" src=\"https:\/\/refugies.immigrationfrancophone.ca\/wp-content\/uploads\/2022\/03\/FCFA_icons_Nunavut.jpg\" alt=\"Image\">\t\t\t\t\t\t\t<div class=\"content-box\">\n\t\t\t\t\t\t\t\t\t\t\t\t\t\t\t\t\t<h5>Nunavut<\/h5>\n\t\t\t\t\t\t\t\t\t\t\t\t\t\t\t\t\t<p>Conocimiento del franc\u00e9s:<br \/>\n1 235<\/p>\n\t\t\t\t\t\t\t<\/div>\n\t\t\t\t\t\t\t\t\t\t\t\t\t\t\t<\/a>\n\t\t\t\t\t\t\t\t\t\t\t\t\t\t<\/li>\n\t\t\t\t\t\t\t\t\t\t\t\t<li class=\"position-relative\">\n\t\t\t\t\t\t\t\t\t\t\t\t\t\t\t<a href=\"https:\/\/refugies.immigrationfrancophone.ca\/ontario\/\">\n\t\t\t\t\t\t\t\t<img decoding=\"async\" src=\"https:\/\/refugies.immigrationfrancophone.ca\/wp-content\/uploads\/2022\/03\/FCFA_icons_Ontario.jpg\" alt=\"Image\">\t\t\t\t\t\t\t<div class=\"content-box\">\n\t\t\t\t\t\t\t\t\t\t\t\t\t\t\t\t\t<h5>Ontario<\/h5>\n\t\t\t\t\t\t\t\t\t\t\t\t\t\t\t\t\t<p>Conocimiento del franc\u00e9s:<br \/>\n1 530 435<\/p>\n\t\t\t\t\t\t\t<\/div>\n\t\t\t\t\t\t\t\t\t\t\t\t\t\t\t<\/a>\n\t\t\t\t\t\t\t\t\t\t\t\t\t\t<\/li>\n\t\t\t\t\t\t\t\t\t\t\t\t<li class=\"position-relative\">\n\t\t\t\t\t\t\t<img decoding=\"async\" src=\"https:\/\/refugies.immigrationfrancophone.ca\/wp-content\/uploads\/2022\/03\/FCFA_icons_Quebec.jpg\" alt=\"Image\">\t\t\t\t\t\t\t<div class=\"content-box\">\n\t\t\t\t\t\t\t\t\t\t\t\t\t\t\t\t\t<h5>Quebec<\/h5>\n\t\t\t\t\t\t\t\t\t\t\t\t\t\t\t\t\t\t\t\t\t\t\t\t<\/div>\n\t\t\t\t\t\t\t\t\t\t\t\t\t<\/li>\n\t\t\t\t\t\t\t\t\t\t\t\t<li class=\"position-relative\">\n\t\t\t\t\t\t\t\t\t\t\t\t\t\t\t<a href=\"https:\/\/refugies.immigrationfrancophone.ca\/saskatchewan\/\">\n\t\t\t\t\t\t\t\t<img decoding=\"async\" src=\"https:\/\/refugies.immigrationfrancophone.ca\/wp-content\/uploads\/2022\/03\/FCFA_icons_Saska.jpg\" alt=\"Image\">\t\t\t\t\t\t\t<div class=\"content-box\">\n\t\t\t\t\t\t\t\t\t\t\t\t\t\t\t\t\t<h5>Saskatchawan<\/h5>\n\t\t\t\t\t\t\t\t\t\t\t\t\t\t\t\t\t<p>Conocimiento del franc\u00e9s:<br \/>\n51 895<\/p>\n\t\t\t\t\t\t\t<\/div>\n\t\t\t\t\t\t\t\t\t\t\t\t\t\t\t<\/a>\n\t\t\t\t\t\t\t\t\t\t\t\t\t\t<\/li>\n\t\t\t\t\t\t\t\t\t\t\t\t<li class=\"position-relative\">\n\t\t\t\t\t\t\t\t\t\t\t\t\t\t\t<a href=\"https:\/\/refugies.immigrationfrancophone.ca\/terre-neuve-et-labrador\/\">\n\t\t\t\t\t\t\t\t<img decoding=\"async\" src=\"https:\/\/refugies.immigrationfrancophone.ca\/wp-content\/uploads\/2022\/03\/FCFA_icons_TL.jpg\" alt=\"Image\">\t\t\t\t\t\t\t<div class=\"content-box\">\n\t\t\t\t\t\t\t\t\t\t\t\t\t\t\t\t\t<h5>Terranova y Labrador<\/h5>\n\t\t\t\t\t\t\t\t\t\t\t\t\t\t\t\t\t<p>Conocimiento del franc\u00e9s:<br \/>\n26 055<\/p>\n\t\t\t\t\t\t\t<\/div>\n\t\t\t\t\t\t\t\t\t\t\t\t\t\t\t<\/a>\n\t\t\t\t\t\t\t\t\t\t\t\t\t\t<\/li>\n\t\t\t\t\t\t\t\t\t\t\t\t<li class=\"position-relative\">\n\t\t\t\t\t\t\t\t\t\t\t\t\t\t\t<a href=\"https:\/\/refugies.immigrationfrancophone.ca\/territoires-du-nord-ouest\/\">\n\t\t\t\t\t\t\t\t<img decoding=\"async\" src=\"https:\/\/refugies.immigrationfrancophone.ca\/wp-content\/uploads\/2022\/03\/FCFA_icons_TNO.jpg\" alt=\"Image\">\t\t\t\t\t\t\t<div class=\"content-box\">\n\t\t\t\t\t\t\t\t\t\t\t\t\t\t\t\t\t<h5>Territorios del Noroeste<\/h5>\n\t\t\t\t\t\t\t\t\t\t\t\t\t\t\t\t\t<p>Conocimiento del franc\u00e9s:<br \/>\n3 765<\/p>\n\t\t\t\t\t\t\t<\/div>\n\t\t\t\t\t\t\t\t\t\t\t\t\t\t\t<\/a>\n\t\t\t\t\t\t\t\t\t\t\t\t\t\t<\/li>\n\t\t\t\t\t\t\t\t\t\t\t\t<li class=\"position-relative\">\n\t\t\t\t\t\t\t\t\t\t\t\t\t\t\t<a href=\"https:\/\/refugies.immigrationfrancophone.ca\/yukon\/\">\n\t\t\t\t\t\t\t\t<img decoding=\"async\" src=\"https:\/\/refugies.immigrationfrancophone.ca\/wp-content\/uploads\/2022\/03\/FCFA_icons_Yukon.jpg\" alt=\"Image\">\t\t\t\t\t\t\t<div class=\"content-box\">\n\t\t\t\t\t\t\t\t\t\t\t\t\t\t\t\t\t<h5>Yuk\u00f3n<\/h5>\n\t\t\t\t\t\t\t\t\t\t\t\t\t\t\t\t\t<p>Conocimiento del franc\u00e9s:<br \/>\n4 510<\/p>\n\t\t\t\t\t\t\t<\/div>\n\t\t\t\t\t\t\t\t\t\t\t\t\t\t\t<\/a>\n\t\t\t\t\t\t\t\t\t\t\t\t\t\t<\/li>\n\t\t\t\t\t\t\t\t\t<\/ul>\n\t\t\t\t<\/div>\n\t[\/vc_column][\/vc_row]<\/p>\n<\/div>","protected":false},"excerpt":{"rendered":"<p>[vc_row][vc_column][vc_column_text el_class=&#8221;map-content-block map-content-block-v1 home-hidemobile&#8221;] Las comunidades franc\u00f3fonas de Canad\u00e1, colectividades acogedoras donde da gusto vivir. Usted, su familia y sus amigos pueden vivir completamente seguros, prosperar, construir un futuro promisorio y participar de la vida en la sociedad. Conozca m\u00e1s sobre la vida en franc\u00e9s, en situaci\u00f3n de minor\u00eda, haciendo clic sobre cada provincia o [&hellip;]<\/p>\n","protected":false},"author":1,"featured_media":0,"parent":0,"menu_order":0,"comment_status":"closed","ping_status":"closed","template":"template-map-svg.php","meta":{"footnotes":""},"class_list":["post-3135","page","type-page","status-publish","hentry"],"featured_image_src":null,"featured_image_src_square":null,"_links":{"self":[{"href":"https:\/\/refugies.immigrationfrancophone.ca\/es\/wp-json\/wp\/v2\/pages\/3135","targetHints":{"allow":["GET"]}}],"collection":[{"href":"https:\/\/refugies.immigrationfrancophone.ca\/es\/wp-json\/wp\/v2\/pages"}],"about":[{"href":"https:\/\/refugies.immigrationfrancophone.ca\/es\/wp-json\/wp\/v2\/types\/page"}],"author":[{"embeddable":true,"href":"https:\/\/refugies.immigrationfrancophone.ca\/es\/wp-json\/wp\/v2\/users\/1"}],"replies":[{"embeddable":true,"href":"https:\/\/refugies.immigrationfrancophone.ca\/es\/wp-json\/wp\/v2\/comments?post=3135"}],"version-history":[{"count":0,"href":"https:\/\/refugies.immigrationfrancophone.ca\/es\/wp-json\/wp\/v2\/pages\/3135\/revisions"}],"wp:attachment":[{"href":"https:\/\/refugies.immigrationfrancophone.ca\/es\/wp-json\/wp\/v2\/media?parent=3135"}],"curies":[{"name":"wp","href":"https:\/\/api.w.org\/{rel}","templated":true}]}}