{"id":3188,"date":"2022-03-16T19:55:18","date_gmt":"2022-03-16T22:55:18","guid":{"rendered":"https:\/\/refugies.immigrationfrancophone.ca\/nunavut\/"},"modified":"2025-03-09T21:48:34","modified_gmt":"2025-03-10T00:48:34","slug":"nunavut","status":"publish","type":"page","link":"https:\/\/refugies.immigrationfrancophone.ca\/es\/nunavut\/","title":{"rendered":"Nunavut"},"content":{"rendered":"<div class=\"wpb-content-wrapper\"><p>[vc_row][vc_column]\t<div class=\"theme-immigration\" style='background-image: url( https:\/\/refugies.immigrationfrancophone.ca\/wp-content\/uploads\/2022\/03\/Nunavut_FCFA_immigration_02.jpg );'>\n\t\t<div class=\"left-box\">\n\t\t\t\t\t\t\t<div class=\"title-box\">\n\t\t\t\t\t<h1>Nunavut<\/h1>\n\t\t\t\t<\/div>\n\t\t\t\t\t\t\t\t<div class=\"img-box d-lg-none\">\n\t\t\t\t\t<img decoding=\"async\" src=\"https:\/\/refugies.immigrationfrancophone.ca\/wp-content\/uploads\/2022\/03\/Nunavut_FCFA_immigration_02.jpg\" alt=\"Nunavut\"\/>\n\t\t\t\t<\/div>\n\t\t\t\t\t\t\t\t<div class=\"content-box\">\n\t\t\t\t\t<p>El nacimiento de Nunavut en 1999 marc\u00f3 la culminaci\u00f3n del proyecto de reclamaci\u00f3n de tierras m\u00e1s importante jam\u00e1s emprendido por el pueblo Inuit del \u00c1rtico. Un poco m\u00e1s de 37.000 personas viven en este vasto territorio que abarca toda la costa oeste de la bah\u00eda de Hudson, la isla de Baffin y gran parte del archipi\u00e9lago \u00e1rtico canadiense. El territorio tiene 500 franc\u00f3fonos, la mayor\u00eda de los cuales viven en la capital, Iqaluit.<\/p>\n\t\t\t\t\t\t\t\t\t\t\t<div id=\"counter_count-1186942248\" class=\"counter-main\">\n\t\t\t\t\t\t\t\t\t\t\t\t\t\t\t\t<div class=\"counter-box langcode-es\">\n\t\t\t\t\t\t\t\t\t\t<h3 id=\"counter_1186942248_count-1\" data-fact=\"1235\">1235<\/h3>\n\t\t\t\t\t\t\t\t\t\t<p>Conocimientos del franc\u00e9s<\/p>\n\t\t\t\t\t\t\t\t\t<\/div>\n\t\t\t\t\t\t\t\t\t\t\t\t\t\t\t\t\t\t<div class=\"counter-box langcode-es\">\n\t\t\t\t\t\t\t\t\t\t<h3 id=\"counter_1186942248_count-2\" data-fact=\"450\">450<\/h3>\n\t\t\t\t\t\t\t\t\t\t<p>Franc\u00e9s como lengua materna<\/p>\n\t\t\t\t\t\t\t\t\t<\/div>\n\t\t\t\t\t\t\t\t\t\t\t\t\t\t\t\t\t\t<div class=\"counter-box langcode-es\">\n\t\t\t\t\t\t\t\t\t\t<h3 id=\"counter_1186942248_count-3\" data-fact=\"505\">505<\/h3>\n\t\t\t\t\t\t\t\t\t\t<p>Franc\u00e9s primera lengua oficial<\/p>\n\t\t\t\t\t\t\t\t\t<\/div>\n\t\t\t\t\t\t\t\t\t\t\t\t\t\t\t\t\t<p>Fuente: Statistics Canada, censo de 2011<\/p>\n\t\t\t\t\t\t\t\t\t\t\t\t\t\t<\/div>\n\t\t\t\t\t\t\t\t\t\t<\/div>\n\t\t\t\t\t\t<\/div>\n\t\t\t\t\t<div class=\"img-caption\">\n\t\t\t\t@Carrefour Nunavut\t\t\t<\/div>\n\t\t\t\t<\/div>\n\t[\/vc_column][\/vc_row][vc_row][vc_column]\t\t<div class=\"theme-services pt_70\">\n\t\t\t<div class=\"container\">\n\t\t\t\t<div class=\"row row-cols-1 row-cols-sm-2 row-cols-xl-4 gx-0 gy-5\">\n\t\t\t\t\t\t\t\t\t\t\t\t<div class=\"col\">\n\t\t\t\t\t\t\t\t<a href=\"#la-vie-en-fran\u00e7ais\">\t\t\t\t\t\t\t\t<div class=\"srv-box text-center\">\n\t\t\t\t\t\t\t\t\t\t\t\t\t\t\t\t\t\t\t<div class=\"icon-image\"><img loading=\"lazy\" decoding=\"async\" width=\"264\" height=\"238\" src=\"https:\/\/refugies.immigrationfrancophone.ca\/wp-content\/uploads\/2022\/03\/icon1.png\" class=\"attachment-full size-full\" alt=\"\" \/><\/div>\n\t\t\t\t\t\t\t\t\t\t\t\t\t\t\t\t\t\t\t<p>La vida en franc\u00e9s<\/p>\n\t\t\t\t\t\t\t\t<\/div>\n\t\t\t\t\t\t\t\t<\/a>\t\t\t\t\t\t\t<\/div>\n\t\t\t\t\t\t\t\t\t\t\t\t\t\t<div class=\"col\">\n\t\t\t\t\t\t\t\t<a href=\"#immigration\">\t\t\t\t\t\t\t\t<div class=\"srv-box text-center\">\n\t\t\t\t\t\t\t\t\t\t\t\t\t\t\t\t\t\t\t<div class=\"icon-image\"><img loading=\"lazy\" decoding=\"async\" width=\"234\" height=\"234\" src=\"https:\/\/refugies.immigrationfrancophone.ca\/wp-content\/uploads\/2022\/03\/icon2.png\" class=\"attachment-full size-full\" alt=\"\" srcset=\"https:\/\/refugies.immigrationfrancophone.ca\/wp-content\/uploads\/2022\/03\/icon2.png 234w, https:\/\/refugies.immigrationfrancophone.ca\/wp-content\/uploads\/2022\/03\/icon2-150x150.png 150w\" sizes=\"auto, (max-width: 234px) 100vw, 234px\" \/><\/div>\n\t\t\t\t\t\t\t\t\t\t\t\t\t\t\t\t\t\t\t<p>Inmigraci\u00f3n<\/p>\n\t\t\t\t\t\t\t\t<\/div>\n\t\t\t\t\t\t\t\t<\/a>\t\t\t\t\t\t\t<\/div>\n\t\t\t\t\t\t\t\t\t\t\t\t\t\t<div class=\"col\">\n\t\t\t\t\t\t\t\t<a href=\"#a-quoi-vous-attendre\">\t\t\t\t\t\t\t\t<div class=\"srv-box text-center\">\n\t\t\t\t\t\t\t\t\t\t\t\t\t\t\t\t\t\t\t<div class=\"icon-image\"><img loading=\"lazy\" decoding=\"async\" width=\"194\" height=\"258\" src=\"https:\/\/refugies.immigrationfrancophone.ca\/wp-content\/uploads\/2022\/03\/icon3.png\" class=\"attachment-full size-full\" alt=\"\" \/><\/div>\n\t\t\t\t\t\t\t\t\t\t\t\t\t\t\t\t\t\t\t<p>Qu\u00e9 esperar<\/p>\n\t\t\t\t\t\t\t\t<\/div>\n\t\t\t\t\t\t\t\t<\/a>\t\t\t\t\t\t\t<\/div>\n\t\t\t\t\t\t\t\t\t\t\t\t\t\t<div class=\"col\">\n\t\t\t\t\t\t\t\t<a href=\"#en-savoir-plus\">\t\t\t\t\t\t\t\t<div class=\"srv-box text-center\">\n\t\t\t\t\t\t\t\t\t\t\t\t\t\t\t\t\t\t\t<div class=\"icon-image\"><img loading=\"lazy\" decoding=\"async\" width=\"250\" height=\"247\" src=\"https:\/\/refugies.immigrationfrancophone.ca\/wp-content\/uploads\/2022\/03\/icon4.png\" class=\"attachment-full size-full\" alt=\"\" \/><\/div>\n\t\t\t\t\t\t\t\t\t\t\t\t\t\t\t\t\t\t\t<p>Conozca m\u00e1s<\/p>\n\t\t\t\t\t\t\t\t<\/div>\n\t\t\t\t\t\t\t\t<\/a>\t\t\t\t\t\t\t<\/div>\n\t\t\t\t\t\t\t\t\t\t\t<\/div>\n\t\t\t<\/div>\n\t\t<\/div>\n\t\t[\/vc_column][\/vc_row][vc_row el_id=&#8221;la-vie-en-fran\u00e7ais&#8221;][vc_column]\t\t<div class=\"section-header theme-common pt_80\">\n\t\t\t<div class=\"container\">\n\t\t\t\t<h3>\n\t\t\t\t\t\t\t\t\t\t\t<div class=\"icon-image\"><img loading=\"lazy\" decoding=\"async\" width=\"264\" height=\"238\" src=\"https:\/\/refugies.immigrationfrancophone.ca\/wp-content\/uploads\/2022\/03\/icon1.png\" class=\"attachment-full size-full\" alt=\"\" \/><\/div>\n\t\t\t\t\t\t\t\t\t\t\tLa vida en franc\u00e9s\t\t\t\t<\/h3>\n\t\t\t<\/div>\n\t\t<\/div>\n\t\t[\/vc_column][\/vc_row][vc_row][vc_column]\t<div id=\"pageblock-content-1784095760\" class=\"theme-common liststyle-1 noshape\">\n\t\t<div class=\"container pt_80 pb_80\">\n\t\t\t<div class=\"img-cnt-box noshape\">\n\t\t\t\t<div class=\"row gy-5\">\n\t\t\t\t\t\t\t\t\t\t\t<div class=\"col-md-5 blockleft\">\n\t\t\t\t\t\t\t\t\t\t\t\t\t\t\t<h4 class=\"blocktitle\">Educaci\u00f3n<\/h4>\n\t\t\t\t\t\t\t\t\t\t\t\t\t\t\t\t\t\t\t\t\t\t\t<figure>\n\t\t\t\t\t\t\t\t\t<img decoding=\"async\" class=\"blockimg\" src=\"https:\/\/refugies.immigrationfrancophone.ca\/wp-content\/uploads\/2022\/03\/Nunavut_FCFA_immigration_03-scaled.jpg\" alt=\"Educaci\u00f3n\" \/>\n\t\t\t\t\t\t\t\t\t\t\t\t\t\t\t\t\t<\/figure>\n\t\t\t\t\t\t\t\t\t\t\t\t\t\t<\/div>\n\t\t\t\t\t\t\t\t\t\t\t\t<div class=\"blockright col-md-7\">\n\t\t\t\t\t\t\t<div class=\"content-box\">\n\t\t\t\t\t\t\t\t<p>Ubicada en Iqaluit, la \u00c9cole (escuela) des Trois-Soleils es la \u00fanica escuela de idioma franc\u00e9s en Nunavut. Esta ofrece clases desde el preescolar hasta grado 12o. Su administraci\u00f3n est\u00e1 en manos de la Commission scolaire francophone du Nunavut (Comisi\u00f3n escolar fanc\u00f3fona de Nunavut)<\/p>\n<ul>\n<li><a href=\"http:\/\/trois-soleils.ca\/troissol\/\" target=\"_blank\" rel=\"noopener\">Trois-Soleils<\/a><\/li>\n<li><a href=\"http:\/\/csfn.ca\/\" target=\"_blank\" rel=\"noopener\">Commission scolaire francophone du Nunavut<\/a><\/li>\n<\/ul>\n<p>Tambi\u00e9n existe un centro de educaci\u00f3n infantil (guarder\u00eda) en lengua francesa llamado: Les Petits Nanooks.<\/p>\n\t\t\t\t\t\t\t<\/div>\n\t\t\t\t\t\t<\/div>\n\t\t\t\t\t\t\t\t\t\t<\/div>\n\t\t\t<\/div>\n\t\t<\/div>\n\t\t\t\t\t<div class=\"container\">\n\t\t\t\t<div class=\"bottom-seperator-row\"><\/div>\n\t\t\t<\/div>\n\t\t\t\t<\/div>\n\t[\/vc_column][\/vc_row][vc_row][vc_column]\t<div id=\"pageblock-content-1573877467\" class=\"theme-common liststyle-1\">\n\t\t<div class=\"container pt_80 pb_80\">\n\t\t\t<div class=\"img-cnt-box\">\n\t\t\t\t<div class=\"row gy-5\">\n\t\t\t\t\t\t\t\t\t\t\t<div class=\"col-md-5 blockleft\">\n\t\t\t\t\t\t\t\t\t\t\t\t\t\t\t<h4 class=\"blocktitle\">Salud<\/h4>\n\t\t\t\t\t\t\t\t\t\t\t\t\t\t\t\t\t\t\t\t\t<\/div>\n\t\t\t\t\t\t\t\t\t\t\t\t<div class=\"blockright col-md-7\">\n\t\t\t\t\t\t\t<div class=\"content-box\">\n\t\t\t\t\t\t\t\t<p>El R\u00e9seau Sant\u00e9 en fran\u00e7ais au Nunavut (RESEFAN) gestiona el directorio de servicios de salud en Nunavut, entre ellos se encuentra el Hospital General Qikiqtani (en la ciudad de Iqaluit).<\/p>\n<ul>\n<li><a href=\"https:\/\/resefan.ca\" target=\"_blank\" rel=\"noopener\">R\u00e9seau Sant\u00e9 en fran\u00e7ais au Nunavut (RESEFAN)<\/a><\/li>\n<\/ul>\n<p>\n\t\t\t\t\t\t\t<\/div>\n\t\t\t\t\t\t<\/div>\n\t\t\t\t\t\t\t\t\t\t<\/div>\n\t\t\t<\/div>\n\t\t<\/div>\n\t\t\t\t\t<div class=\"container\">\n\t\t\t\t<div class=\"bottom-seperator-row\"><\/div>\n\t\t\t<\/div>\n\t\t\t\t<\/div>\n\t[\/vc_column][\/vc_row][vc_row][vc_column]\t<div id=\"pageblock-content-904110624\" class=\"theme-common liststyle-1\">\n\t\t<div class=\"container pt_80 pb_80\">\n\t\t\t<div class=\"img-cnt-box\">\n\t\t\t\t<div class=\"row gy-5\">\n\t\t\t\t\t\t\t\t\t\t\t<div class=\"col-md-5 blockleft\">\n\t\t\t\t\t\t\t\t\t\t\t\t\t\t\t<h4 class=\"blocktitle\">Econom\u00eda y empleo<\/h4>\n\t\t\t\t\t\t\t\t\t\t\t\t\t\t\t\t\t\t\t\t\t<\/div>\n\t\t\t\t\t\t\t\t\t\t\t\t<div class=\"blockright col-md-7\">\n\t\t\t\t\t\t\t<div class=\"content-box\">\n\t\t\t\t\t\t\t\t<p>Carrefour Nunavut es el principal organismo que apoya el empleo y el desarrollo econ\u00f3mico en franc\u00e9s. En particular, ofrece varios recursos para aquellos que desean establecerse, vivir y trabajar en el territorio.<\/p>\n<ul>\n<li><a href=\"https:\/\/carrefournunavut.ca\/fr\" target=\"_blank\" rel=\"noopener\">Carrefour Nunavut<\/a><\/li>\n<\/ul>\n<p>\n\t\t\t\t\t\t\t<\/div>\n\t\t\t\t\t\t<\/div>\n\t\t\t\t\t\t\t\t\t\t<\/div>\n\t\t\t<\/div>\n\t\t<\/div>\n\t\t\t<\/div>\n\t[\/vc_column][\/vc_row][vc_row el_id=&#8221;immigration&#8221;][vc_column]\t\t<div class=\"section-header theme-common pt_0 pb_0\">\n\t\t\t<div class=\"container\">\n\t\t\t\t<h3>\n\t\t\t\t\t\t\t\t\t\t\t<div class=\"icon-image\"><img loading=\"lazy\" decoding=\"async\" width=\"234\" height=\"234\" src=\"https:\/\/refugies.immigrationfrancophone.ca\/wp-content\/uploads\/2022\/03\/icon2.png\" class=\"attachment-full size-full\" alt=\"\" srcset=\"https:\/\/refugies.immigrationfrancophone.ca\/wp-content\/uploads\/2022\/03\/icon2.png 234w, https:\/\/refugies.immigrationfrancophone.ca\/wp-content\/uploads\/2022\/03\/icon2-150x150.png 150w\" sizes=\"auto, (max-width: 234px) 100vw, 234px\" \/><\/div>\n\t\t\t\t\t\t\t\t\t\t\tInmigraci\u00f3n\t\t\t\t<\/h3>\n\t\t\t<\/div>\n\t\t<\/div>\n\t\t[\/vc_column][\/vc_row][vc_row][vc_column]\t<div id=\"pageblock-content-1393572493\" class=\"theme-common liststyle-2 noshape\">\n\t\t<div class=\"container pt_80 pb_80\">\n\t\t\t<div class=\"img-cnt-box noshape\">\n\t\t\t\t<div class=\"row gy-5\">\n\t\t\t\t\t\t\t\t\t\t\t<div class=\"col-md-5 blockleft\">\n\t\t\t\t\t\t\t\t\t\t\t\t\t\t\t<h4 class=\"blocktitle\">Empleo<\/h4>\n\t\t\t\t\t\t\t\t\t\t\t\t\t\t\t\t\t\t\t\t\t\t\t<figure>\n\t\t\t\t\t\t\t\t\t<img decoding=\"async\" class=\"blockimg\" src=\"https:\/\/refugies.immigrationfrancophone.ca\/wp-content\/uploads\/2022\/03\/TNO_FCFA_immigration_02.jpg\" alt=\"Empleo\" \/>\n\t\t\t\t\t\t\t\t\t\t\t\t\t\t\t\t\t<\/figure>\n\t\t\t\t\t\t\t\t\t\t\t\t\t\t<\/div>\n\t\t\t\t\t\t\t\t\t\t\t\t<div class=\"blockright col-md-7\">\n\t\t\t\t\t\t\t<div class=\"content-box\">\n\t\t\t\t\t\t\t\t<p>A continuaci\u00f3n se muestran los principales sectores de empleo que reclutan en Nunavut:<\/p>\n<ul>\n<li>Administraci\u00f3n p\u00fablica y salud<\/li>\n<li>Explotaci\u00f3n de recursos minerales y petrol\u00edferos<\/li>\n<li>Construcci\u00f3n<\/li>\n<li>Hoteleria, restauraci\u00f3n y turismo<\/li>\n<\/ul>\n<p>&nbsp;<\/p>\n<p><strong>Fuente:<\/strong><\/p>\n<ul>\n<li><a href=\"https:\/\/carrefournunavut.ca\/fr\" target=\"_blank\" rel=\"noopener\">Carrefour Nunavut<\/a><\/li>\n<\/ul>\n<p>\n\t\t\t\t\t\t\t<\/div>\n\t\t\t\t\t\t<\/div>\n\t\t\t\t\t\t\t\t\t\t<\/div>\n\t\t\t<\/div>\n\t\t<\/div>\n\t\t\t\t\t<div class=\"container\">\n\t\t\t\t<div class=\"bottom-seperator-row\"><\/div>\n\t\t\t<\/div>\n\t\t\t\t<\/div>\n\t[\/vc_column][\/vc_row][vc_row][vc_column]\t<div id=\"pageblock-content-908085072\" class=\"theme-common liststyle-1\">\n\t\t<div class=\"container pt_80 pb_80\">\n\t\t\t<div class=\"img-cnt-box\">\n\t\t\t\t<div class=\"row gy-5\">\n\t\t\t\t\t\t\t\t\t\t\t<div class=\"col-md-5 blockleft\">\n\t\t\t\t\t\t\t\t\t\t\t\t\t\t\t<h4 class=\"blocktitle\">Servicios de integraci\u00f3n<\/h4>\n\t\t\t\t\t\t\t\t\t\t\t\t\t\t\t\t\t\t\t\t\t<\/div>\n\t\t\t\t\t\t\t\t\t\t\t\t<div class=\"blockright col-md-7\">\n\t\t\t\t\t\t\t<div class=\"content-box\">\n\t\t\t\t\t\t\t\t<p>Carrefour Nunavut ofrece numerosos recursos para quienes deseen establecerse, vivir y trabajar en Nunavut.<\/p>\n<ul>\n<li><a href=\"https:\/\/carrefournunavut.ca\/fr\" target=\"_blank\" rel=\"noopener\">Carrefour Nunavut<\/a><\/li>\n<\/ul>\n<p>\n\t\t\t\t\t\t\t<\/div>\n\t\t\t\t\t\t<\/div>\n\t\t\t\t\t\t\t\t\t\t<\/div>\n\t\t\t<\/div>\n\t\t<\/div>\n\t\t\t\t\t<div class=\"container\">\n\t\t\t\t<div class=\"bottom-seperator-row\"><\/div>\n\t\t\t<\/div>\n\t\t\t\t<\/div>\n\t[\/vc_column][\/vc_row][vc_row el_class=&#8221;big-headings&#8221;][vc_column]\t<div id=\"pageblock-content-1807215797\" class=\"theme-common liststyle-1 has_shape\">\n\t\t<div class=\"container pt_80 pb_80\">\n\t\t\t<div class=\"img-cnt-box has_shape\">\n\t\t\t\t<div class=\"row gy-5\">\n\t\t\t\t\t\t\t\t\t\t\t<div class=\"col-md-5 blockleft\">\n\t\t\t\t\t\t\t\t\t\t\t\t\t\t\t<h4 class=\"blocktitle\">Una comunidad franc\u00f3fona amable<\/h4>\n\t\t\t\t\t\t\t\t\t\t\t\t\t\t\t\t\t\t\t\t\t\t\t<figure>\n\t\t\t\t\t\t\t\t\t<img decoding=\"async\" class=\"blockimg\" src=\"https:\/\/refugies.immigrationfrancophone.ca\/wp-content\/uploads\/2022\/03\/Nunavut_FCFA_immigration_04.jpg\" alt=\"Una comunidad franc\u00f3fona amable\" \/>\n\t\t\t\t\t\t\t\t\t\t\t\t\t\t\t\t\t\t\t<div class=\"img-caption\">\n\t\t\t\t\t\t\t\t\t\t\t@Commuaute\u0301 francophone accueillante d&#039;Iqaluit\t\t\t\t\t\t\t\t\t\t<\/div>\n\t\t\t\t\t\t\t\t\t\t\t\t\t\t\t\t\t\t<\/figure>\n\t\t\t\t\t\t\t\t\t\t\t\t\t\t<\/div>\n\t\t\t\t\t\t\t\t\t\t\t\t<div class=\"blockright col-md-7\">\n\t\t\t\t\t\t\t<div class=\"content-box\">\n\t\t\t\t\t\t\t\t<\/p>\n<h3><strong><span style=\"color: #82bdb1;\">Iqaluit<\/span><\/strong><\/h3>\n<p>&nbsp;<\/p>\n<p>Iqaluit, la calurosa y amable comunidad franc\u00f3fona de Nunavut, es din\u00e1mica y busca vivir en armon\u00eda con la mayor\u00eda Inuit. En Nunavut, el franc\u00e9s est\u00e1 reconocido como lengua oficial al mismo nivel que el ingl\u00e9s y la lengua inuit (inuktitut e inuinnaqtun). La comunidad cuenta con varios servicios en franc\u00e9s, como Carrefour Nunavut, la sala de espect\u00e1culos administrada por la Asociaci\u00f3n de francofonos de Nunavut, la estaci\u00f3n de radio CFRT 107.3, el peri\u00f3dico Le Nunavoix, la compa\u00f1\u00eda de teatro comunitario Uiviit, el centro de primera infancia (guarder\u00eda) Les Petits Nanooks y la escuela Trois-Soleils.<\/p>\n<p>&nbsp;<\/p>\n<p><strong>Algunas cifras:<\/strong><br \/>\nEl 14,5% de la poblaci\u00f3n sabe franc\u00e9s.<br \/>\nEl 1,3% de la poblaci\u00f3n trabaja en franc\u00e9s.<\/p>\n<h6>Fuente: Statistics Canada, Censo de 2016<\/h6>\n<p>&nbsp;<\/p>\n<ul>\n<li><a href=\"https:\/\/www.facebook.com\/Iqaluit-Communaut%C3%A9-francophone-accueillante-116674776869066\/\" target=\"_blank\" rel=\"noopener\">M\u00e1s informaci\u00f3n<\/a><\/li>\n<\/ul>\n<p>\n\t\t\t\t\t\t\t<\/div>\n\t\t\t\t\t\t<\/div>\n\t\t\t\t\t\t\t\t\t\t<\/div>\n\t\t\t<\/div>\n\t\t<\/div>\n\t\t\t<\/div>\n\t[\/vc_column][\/vc_row][vc_row el_id=&#8221;a-quoi-vous-attendre&#8221;][vc_column]\t\t<div class=\"section-header theme-common pb_80\">\n\t\t\t<div class=\"container\">\n\t\t\t\t<h3>\n\t\t\t\t\t\t\t\t\t\t\t<div class=\"icon-image\"><img loading=\"lazy\" decoding=\"async\" width=\"194\" height=\"258\" src=\"https:\/\/refugies.immigrationfrancophone.ca\/wp-content\/uploads\/2022\/03\/icon3.png\" class=\"attachment-full size-full\" alt=\"\" \/><\/div>\n\t\t\t\t\t\t\t\t\t\t\tQu\u00e9 esperar\t\t\t\t<\/h3>\n\t\t\t<\/div>\n\t\t<\/div>\n\t\t[\/vc_column][\/vc_row][vc_row css=&#8221;.vc_custom_1646225665629{background-color: #71bfb1 !important;}&#8221;][vc_column]\t<div id=\"pageblock-content-535192812\" class=\"theme-common bg-transparent climat liststyle-1 noshape\">\n\t\t<div class=\"container pt_80 pb_80\">\n\t\t\t<div class=\"img-cnt-box noshape\">\n\t\t\t\t<div class=\"row gy-5\">\n\t\t\t\t\t\t\t\t\t\t\t<div class=\"col-md-5 blockleft\">\n\t\t\t\t\t\t\t\t\t\t\t\t\t\t\t<h4 class=\"blocktitle\">Clima<\/h4>\n\t\t\t\t\t\t\t\t\t\t\t\t\t\t\t\t\t\t\t\t\t<\/div>\n\t\t\t\t\t\t\t\t\t\t\t\t<div class=\"blockright col-md-7\">\n\t\t\t\t\t\t\t<div class=\"content-box\">\n\t\t\t\t\t\t\t\t\t\t\t\t\t\t\t\t\t<div class=\"boxcontent text-white mb-5\">\n\t\t\t\t\t\t\t\t\t\t<\/p>\n<h3>En Iqaluit:<\/h3>\n<p>\n\t\t\t\t\t\t\t\t\t<\/div>\n\t\t\t\t\t\t\t\t\t\t\t\t\t\t\t\t\t<div class=\"row gx-0 gy-5 row-cols-1 row-cols-sm-2 row-cols-md-2 row-cols-lg-2\">\n\t\t\t\t\t\t\t\t\t\t\t\t\t\t\t\t\t\t\t\t<div class=\"col climat-box text-center gridcolumns-2\">\n\t\t\t\t\t\t\t\t\t\t\t\t<h5>Verano\n<\/h5>\n\t\t\t\t\t\t\t\t\t\t\t\t\t\t\t\t\t\t\t\t\t\t\t\t\t\t\t\t\t\t\t\t\t\t\t\t\t<div class=\"cnt-box\">\n\t\t\t\t\t\t\t\t\t\t\t\t\t\t\t\t\t\t\t\t\t\t\t\t\t\t\t\t\t<h3>8\u00b0C <\/h3>\n\t\t\t\t\t\t\t\t\t\t\t\t\t\t\t\t\t\t\t\t\t\t\t\t\t\t\t\t\t\t<p>en promedio<\/p>\n\t\t\t\t\t\t\t\t\t\t\t\t\t\t\t\t\t\t\t\t\t\t\t\t\t\t\t\t<\/div>\n\t\t\t\t\t\t\t\t\t\t\t\t\t\t\t\t\t\t\t\t\t\t\t\t<\/div>\n\t\t\t\t\t\t\t\t\t\t\t\t\t\t\t\t\t\t\t\t\t\t<div class=\"col climat-box text-center gridcolumns-2\">\n\t\t\t\t\t\t\t\t\t\t\t\t<h5>Invierno\n<\/h5>\n\t\t\t\t\t\t\t\t\t\t\t\t\t\t\t\t\t\t\t\t\t\t\t\t\t\t\t\t\t\t\t\t\t\t\t\t\t<div class=\"cnt-box\">\n\t\t\t\t\t\t\t\t\t\t\t\t\t\t\t\t\t\t\t\t\t\t\t\t\t\t\t\t\t<h3>-27\u00b0C <\/h3>\n\t\t\t\t\t\t\t\t\t\t\t\t\t\t\t\t\t\t\t\t\t\t\t\t\t\t\t\t\t\t<p>en promedio<\/p>\n\t\t\t\t\t\t\t\t\t\t\t\t\t\t\t\t\t\t\t\t\t\t\t\t\t\t\t\t<\/div>\n\t\t\t\t\t\t\t\t\t\t\t\t\t\t\t\t\t\t\t\t\t\t\t\t<\/div>\n\t\t\t\t\t\t\t\t\t\t\t\t\t\t\t\t\t\t\t<\/div>\n\t\t\t\t\t\t\t\t\t\t\t\t\t\t\t<\/div>\n\t\t\t\t\t\t<\/div>\n\t\t\t\t\t\t\t\t\t\t<\/div>\n\t\t\t<\/div>\n\t\t<\/div>\n\t\t\t<\/div>\n\t[\/vc_column][\/vc_row][vc_row][vc_column]\t<div id=\"pageblock-content-19913548\" class=\"theme-common liststyle-1 noshape\">\n\t\t<div class=\"container pt_80 pb_80\">\n\t\t\t<div class=\"img-cnt-box noshape\">\n\t\t\t\t<div class=\"row gy-5\">\n\t\t\t\t\t\t\t\t\t\t\t<div class=\"col-md-5 blockleft\">\n\t\t\t\t\t\t\t\t\t\t\t\t\t\t\t<h4 class=\"blocktitle\">Geograf\u00eda<\/h4>\n\t\t\t\t\t\t\t\t\t\t\t\t\t\t\t\t\t\t\t\t\t\t\t<figure>\n\t\t\t\t\t\t\t\t\t<img decoding=\"async\" class=\"blockimg\" src=\"https:\/\/refugies.immigrationfrancophone.ca\/wp-content\/uploads\/2022\/03\/Nunavut_FCFA_immigration_05.jpg\" alt=\"Geograf\u00eda\" \/>\n\t\t\t\t\t\t\t\t\t\t\t\t\t\t\t\t\t\t\t<div class=\"img-caption\">\n\t\t\t\t\t\t\t\t\t\t\t@Carrefour Nunavut\t\t\t\t\t\t\t\t\t\t<\/div>\n\t\t\t\t\t\t\t\t\t\t\t\t\t\t\t\t\t\t<\/figure>\n\t\t\t\t\t\t\t\t\t\t\t\t\t\t<\/div>\n\t\t\t\t\t\t\t\t\t\t\t\t<div class=\"blockright col-md-7\">\n\t\t\t\t\t\t\t<div class=\"content-box\">\n\t\t\t\t\t\t\t\t\t\t\t\t\t\t\t\t\t<div class=\"boxcontent\">\n\t\t\t\t\t\t\t\t\t\t<p>La tundra \u00e1rtica cubre casi todo Nunavut, con l\u00edquenes, sauces \u00e1rticos y musgos.<\/p>\n<p>El sol de medianoche aparece en verano y los d\u00edas de enero est\u00e1n dominados por el claroscuro.<\/p>\n<p>Casi un tercio de la poblaci\u00f3n de Nunavut vive en la isla de Baffin, donde se encuentra su capital Iqaluit (con unos 7.700 habitantes), as\u00ed como en las comunidades de Pangnirtung, Kimmirut y Pond Inlet.<\/p>\n\t\t\t\t\t\t\t\t\t<\/div>\n\t\t\t\t\t\t\t\t\t\t\t\t\t\t\t\t<\/div>\n\t\t\t\t\t\t<\/div>\n\t\t\t\t\t\t\t\t\t\t<\/div>\n\t\t\t<\/div>\n\t\t<\/div>\n\t\t\t\t\t<div class=\"container\">\n\t\t\t\t<div class=\"bottom-seperator-row\"><\/div>\n\t\t\t<\/div>\n\t\t\t\t<\/div>\n\t[\/vc_column][\/vc_row][vc_row][vc_column]\t<div id=\"pageblock-content-1493437545\" class=\"theme-common liststyle-1\">\n\t\t<div class=\"container pt_80 pb_80\">\n\t\t\t<div class=\"img-cnt-box\">\n\t\t\t\t<div class=\"row gy-5\">\n\t\t\t\t\t\t\t\t\t\t\t<div class=\"col-md-5 blockleft\">\n\t\t\t\t\t\t\t\t\t\t\t\t\t\t\t<h4 class=\"blocktitle\">Acceso<\/h4>\n\t\t\t\t\t\t\t\t\t\t\t\t\t\t\t\t\t\t\t\t\t<\/div>\n\t\t\t\t\t\t\t\t\t\t\t\t<div class=\"blockright col-md-7\">\n\t\t\t\t\t\t\t<div class=\"content-box\">\n\t\t\t\t\t\t\t\t\t\t\t\t\t\t\t\t\t<div class=\"boxcontent\">\n\t\t\t\t\t\t\t\t\t\t<p>No existe un acceso terreste a Nunavut por lo que la principal forma de llegar es en avi\u00f3n. Por ello, el aeropuerto de Iqaluit recibe varios vuelos comerciales desde las principales ciudades de Canad\u00e1.<\/p>\n\t\t\t\t\t\t\t\t\t<\/div>\n\t\t\t\t\t\t\t\t\t\t\t\t\t\t\t\t<\/div>\n\t\t\t\t\t\t<\/div>\n\t\t\t\t\t\t\t\t\t\t<\/div>\n\t\t\t<\/div>\n\t\t<\/div>\n\t\t\t<\/div>\n\t[\/vc_column][\/vc_row][vc_row el_id=&#8221;en-savoir-plus&#8221;][vc_column]\t\t<div class=\"section-header theme-common\">\n\t\t\t<div class=\"container\">\n\t\t\t\t<h3>\n\t\t\t\t\t\t\t\t\t\tConozca m\u00e1s\t\t\t\t<\/h3>\n\t\t\t<\/div>\n\t\t<\/div>\n\t\t[\/vc_column][\/vc_row][vc_row][vc_column]\t<div id=\"pageblock-content-1992172205\" class=\"theme-common liststyle-1\">\n\t\t<div class=\"container pt_80 pb_80\">\n\t\t\t<div class=\"img-cnt-box\">\n\t\t\t\t<div class=\"row gy-5\">\n\t\t\t\t\t\t\t\t\t\t\t<div class=\"col-md-5 blockleft\">\n\t\t\t\t\t\t\t\t\t\t\t\t\t\t\t<h4 class=\"blocktitle\">Hitos (y\/o grandes figuras) de la francofon\u00eda<\/h4>\n\t\t\t\t\t\t\t\t\t\t\t\t\t\t\t\t\t\t\t\t\t<\/div>\n\t\t\t\t\t\t\t\t\t\t\t\t<div class=\"blockright col-md-7\">\n\t\t\t\t\t\t\t<div class=\"content-box\">\n\t\t\t\t\t\t\t\t\t\t\t\t\t\t\t\t\t<div class=\"boxcontent\">\n\t\t\t\t\t\t\t\t\t\t<p>El capit\u00e1n de barco Joseph-Elz\u00e9ar Bernier (1852-1934) realiz\u00f3 12 expediciones al \u00c1rtico entre 1906 y 1925. El 1 de julio de 1909, Bernier instal\u00f3 una placa en la isla Melville proclamando as\u00ed la soberan\u00eda de Canad\u00e1 sobre las islas del \u00c1rtico.<\/p>\n\t\t\t\t\t\t\t\t\t<\/div>\n\t\t\t\t\t\t\t\t\t\t\t\t\t\t\t\t<\/div>\n\t\t\t\t\t\t<\/div>\n\t\t\t\t\t\t\t\t\t\t<\/div>\n\t\t\t<\/div>\n\t\t<\/div>\n\t\t\t\t\t<div class=\"container\">\n\t\t\t\t<div class=\"bottom-seperator-row\"><\/div>\n\t\t\t<\/div>\n\t\t\t\t<\/div>\n\t[\/vc_column][\/vc_row][vc_row][vc_column]\t<div id=\"pageblock-content-1426680511\" class=\"theme-common liststyle-1 has_shape\">\n\t\t<div class=\"container pt_80 pb_80\">\n\t\t\t<div class=\"img-cnt-box has_shape\">\n\t\t\t\t<div class=\"row gy-5\">\n\t\t\t\t\t\t\t\t\t\t\t<div class=\"col-md-5 blockleft\">\n\t\t\t\t\t\t\t\t\t\t\t\t\t\t\t<h4 class=\"blocktitle\">Historia<\/h4>\n\t\t\t\t\t\t\t\t\t\t\t\t\t\t\t\t\t\t\t\t\t\t\t<figure>\n\t\t\t\t\t\t\t\t\t<img decoding=\"async\" class=\"blockimg\" src=\"https:\/\/refugies.immigrationfrancophone.ca\/wp-content\/uploads\/2022\/03\/Nunavut_FCFA_immigration_06.jpg\" alt=\"Historia\" \/>\n\t\t\t\t\t\t\t\t\t\t\t\t\t\t\t\t\t<\/figure>\n\t\t\t\t\t\t\t\t\t\t\t\t\t\t<\/div>\n\t\t\t\t\t\t\t\t\t\t\t\t<div class=\"blockright col-md-7\">\n\t\t\t\t\t\t\t<div class=\"content-box\">\n\t\t\t\t\t\t\t\t<p>El \u00e1rea que hoy conforma Nunavut ha estado habitada de forma continua durante m\u00e1s de 4.000 a\u00f1os. Alrededor del a\u00f1o 1000 d. C., los vikingos que se asentaron en Groenlandia fueron los primeros europeos en visitar la costa de la isla de Baffin, seguidos unos siglos m\u00e1s tarde por expediciones en busca del paso del noroeste.<\/p>\n<p>En el siglo XX, el idioma franc\u00e9s estaba muy presente en la regi\u00f3n: las tripulaciones de los barcos balleneros y mercantes estaban formadas en buena parte por franc\u00f3fonos procedentes de los estados estadounidenses fronterizos con Quebec o con Acadia. Adem\u00e1s, entre 1904 y 1920, el capit\u00e1n Joseph-Elz\u00e9ar Bernier y su tripulaci\u00f3n navegaron por las aguas del oc\u00e9ano \u00c1rtico para reafirmar la soberan\u00eda canadiense.<\/p>\n<p>En la d\u00e9cada de 1970, Frobisher Bay (hoy Iqaluit) adquiri\u00f3 cada vez m\u00e1s la apariencia de una ciudad capital con la llegada de numerosas oficinas del gobierno federal. Una gran parte del personal gubernamental habla franc\u00e9s, tanto es as\u00ed que en 1981 se cre\u00f3 la Association des Franc\u00f3fonos de Frobisher Bay, la cual m\u00e1s tarde se convirti\u00f3 en la Asociaci\u00f3n de franc\u00f3fonos de Nunavut.<\/p>\n\t\t\t\t\t\t\t<\/div>\n\t\t\t\t\t\t<\/div>\n\t\t\t\t\t\t\t\t\t\t<\/div>\n\t\t\t<\/div>\n\t\t<\/div>\n\t\t\t<\/div>\n\t[\/vc_column][\/vc_row]<\/p>\n<\/div>","protected":false},"excerpt":{"rendered":"<p>[vc_row][vc_column][\/vc_column][\/vc_row][vc_row][vc_column][\/vc_column][\/vc_row][vc_row el_id=&#8221;la-vie-en-fran\u00e7ais&#8221;][vc_column][\/vc_column][\/vc_row][vc_row][vc_column][\/vc_column][\/vc_row][vc_row][vc_column][\/vc_column][\/vc_row][vc_row][vc_column][\/vc_column][\/vc_row][vc_row el_id=&#8221;immigration&#8221;][vc_column][\/vc_column][\/vc_row][vc_row][vc_column][\/vc_column][\/vc_row][vc_row][vc_column][\/vc_column][\/vc_row][vc_row el_class=&#8221;big-headings&#8221;][vc_column][\/vc_column][\/vc_row][vc_row el_id=&#8221;a-quoi-vous-attendre&#8221;][vc_column][\/vc_column][\/vc_row][vc_row css=&#8221;.vc_custom_1646225665629{background-color: #71bfb1 !important;}&#8221;][vc_column][\/vc_column][\/vc_row][vc_row][vc_column][\/vc_column][\/vc_row][vc_row][vc_column][\/vc_column][\/vc_row][vc_row el_id=&#8221;en-savoir-plus&#8221;][vc_column][\/vc_column][\/vc_row][vc_row][vc_column][\/vc_column][\/vc_row][vc_row][vc_column][\/vc_column][\/vc_row]<\/p>\n","protected":false},"author":1,"featured_media":0,"parent":0,"menu_order":0,"comment_status":"closed","ping_status":"closed","template":"","meta":{"footnotes":""},"class_list":["post-3188","page","type-page","status-publish","hentry"],"featured_image_src":null,"featured_image_src_square":null,"_links":{"self":[{"href":"https:\/\/refugies.immigrationfrancophone.ca\/es\/wp-json\/wp\/v2\/pages\/3188","targetHints":{"allow":["GET"]}}],"collection":[{"href":"https:\/\/refugies.immigrationfrancophone.ca\/es\/wp-json\/wp\/v2\/pages"}],"about":[{"href":"https:\/\/refugies.immigrationfrancophone.ca\/es\/wp-json\/wp\/v2\/types\/page"}],"author":[{"embeddable":true,"href":"https:\/\/refugies.immigrationfrancophone.ca\/es\/wp-json\/wp\/v2\/users\/1"}],"replies":[{"embeddable":true,"href":"https:\/\/refugies.immigrationfrancophone.ca\/es\/wp-json\/wp\/v2\/comments?post=3188"}],"version-history":[{"count":0,"href":"https:\/\/refugies.immigrationfrancophone.ca\/es\/wp-json\/wp\/v2\/pages\/3188\/revisions"}],"wp:attachment":[{"href":"https:\/\/refugies.immigrationfrancophone.ca\/es\/wp-json\/wp\/v2\/media?parent=3188"}],"curies":[{"name":"wp","href":"https:\/\/api.w.org\/{rel}","templated":true}]}}